{"id":886,"date":"2019-02-25T12:03:33","date_gmt":"2019-02-25T11:03:33","guid":{"rendered":"http:\/\/houpadla.thimble.cz\/?page_id=886"},"modified":"2025-05-09T12:12:07","modified_gmt":"2025-05-09T10:12:07","slug":"stavebni-stroje","status":"publish","type":"page","link":"https:\/\/houpadla.cz\/en\/nabidka-houpadel\/stavebni-stroje\/","title":{"rendered":"Construction vehicles"},"content":{"rendered":"<p>[et_pb_section fb_built=&#8220;1&#8243; _builder_version=&#8220;3.0.47&#8243;][\/et_pb_section][et_pb_section fb_built=&#8220;1&#8243; _builder_version=&#8220;3.0.106&#8243;][et_pb_row custom_margin=&#8220;-90px|||&#8220; _builder_version=&#8220;3.0.106&#8243; background_size=&#8220;initial&#8220; background_position=&#8220;top_left&#8220; background_repeat=&#8220;repeat&#8220;][et_pb_column type=&#8220;1_4&#8243; _builder_version=&#8220;3.0.47&#8243; parallax=&#8220;off&#8220; parallax_method=&#8220;on&#8220;][et_pb_image src=&#8220;http:\/\/houpadla.cz\/wp-content\/uploads\/2019\/03\/DSCN9920.jpg&#8220; show_in_lightbox=&#8220;on&#8220; align=&#8220;center&#8220; _builder_version=&#8220;3.0.106&#8243;][\/et_pb_image][\/et_pb_column][et_pb_column type=&#8220;1_4&#8243; _builder_version=&#8220;3.0.47&#8243; parallax=&#8220;off&#8220; parallax_method=&#8220;on&#8220;][et_pb_text _builder_version=&#8220;3.0.106&#8243; header_3_font=&#8220;|700||||on|||&#8220; header_3_text_color=&#8220;#fa7f28&#8243;]<\/p>\n<h3 style=\"text-align: left;\">Bagr m\u00ed\u010dky<\/h3>\n<p><strong>Popis:<\/strong><\/p>\n<p><span class=\"fs13\"><span class=\"cf1 ff1\">d295xv26<\/span><\/span><span class=\"fs13 cf1 ff1\">0<\/span><span class=\"fs13 cf1 ff1\">x\u0161150cm-200kg<\/span><br \/>\n[\/et_pb_text][\/et_pb_column][et_pb_column type=&#8220;1_4&#8243; _builder_version=&#8220;3.0.47&#8243; parallax=&#8220;off&#8220; parallax_method=&#8220;on&#8220;][et_pb_image src=&#8220;http:\/\/houpadla.cz\/wp-content\/uploads\/2019\/03\/DSCN9858.jpg&#8220; show_in_lightbox=&#8220;on&#8220; align=&#8220;center&#8220; _builder_version=&#8220;3.0.106&#8243;][\/et_pb_image][\/et_pb_column][et_pb_column type=&#8220;1_4&#8243; _builder_version=&#8220;3.0.47&#8243; parallax=&#8220;off&#8220; parallax_method=&#8220;on&#8220;][et_pb_text _builder_version=&#8220;3.0.106&#8243; header_3_font=&#8220;|700||||on|||&#8220; header_3_text_color=&#8220;#fa7f28&#8243;]<\/p>\n<h3 style=\"text-align: left;\"><strong>Extraktor<\/strong><\/h3>\n<h3 style=\"text-align: left;\"><strong style=\"font-size: 14px; color: #666666;\">Popis:<\/strong><\/h3>\n<div id=\"imCell_13\">\n<div id=\"imCellStyle_13\">\n<div id=\"imTextObject_13\">\n<div id=\"imTextObject_13_tab0\" class=\"text-tab-content\">\n<div class=\"text-inner\">\n<p>d150xv140x\u016185cm-90kg<\/p>\n<\/div>\n<\/div>\n<\/div>\n<\/div>\n<\/div>\n<p>[\/et_pb_text][\/et_pb_column][\/et_pb_row][et_pb_row _builder_version=&#8220;3.0.47&#8243; background_size=&#8220;initial&#8220; background_position=&#8220;top_left&#8220; background_repeat=&#8220;repeat&#8220;][et_pb_column type=&#8220;1_4&#8243; _builder_version=&#8220;3.0.47&#8243; parallax=&#8220;off&#8220; parallax_method=&#8220;on&#8220;][et_pb_image src=&#8220;http:\/\/houpadla.cz\/wp-content\/uploads\/2019\/03\/IMG_1032.jpg&#8220; show_in_lightbox=&#8220;on&#8220; align=&#8220;center&#8220; _builder_version=&#8220;3.0.106&#8243;][\/et_pb_image][\/et_pb_column][et_pb_column type=&#8220;1_4&#8243; _builder_version=&#8220;3.0.47&#8243; parallax=&#8220;off&#8220; parallax_method=&#8220;on&#8220;][et_pb_text _builder_version=&#8220;3.0.106&#8243; header_3_font=&#8220;|700||||on|||&#8220; header_3_text_color=&#8220;#fa7f28&#8243;]<\/p>\n<h3 style=\"text-align: left;\"><strong>Buldozer barevn\u00fd<\/strong><\/h3>\n<h3 style=\"text-align: left;\"><strong style=\"font-size: 14px; color: #666666;\">Popis:<\/strong><\/h3>\n<div id=\"imCell_67\"><span class=\"ff0 fs20\"><span class=\"cf1\">d130 x v145 x \u016165cm-65kg<\/span><\/span><\/div>\n<p>[\/et_pb_text][\/et_pb_column][et_pb_column type=&#8220;1_4&#8243; _builder_version=&#8220;3.0.47&#8243; parallax=&#8220;off&#8220; parallax_method=&#8220;on&#8220;][et_pb_image src=&#8220;http:\/\/houpadla.cz\/wp-content\/uploads\/2019\/03\/DSCFv2603.jpg&#8220; show_in_lightbox=&#8220;on&#8220; align=&#8220;center&#8220; _builder_version=&#8220;3.0.106&#8243;][\/et_pb_image][\/et_pb_column][et_pb_column type=&#8220;1_4&#8243; _builder_version=&#8220;3.0.47&#8243; parallax=&#8220;off&#8220; parallax_method=&#8220;on&#8220;][et_pb_text _builder_version=&#8220;3.0.106&#8243; header_3_font=&#8220;|700||||on|||&#8220; header_3_text_color=&#8220;#fa7f28&#8243;]<\/p>\n<h3 style=\"text-align: left;\">Farm Traktor<\/h3>\n<p><strong>Popis:<\/strong><\/p>\n<p><span class=\"ff0 fs20\"><span class=\"cf1\">d140 x v125 x \u016185cm-85kg<\/span><\/span><\/p>\n<p>[\/et_pb_text][\/et_pb_column][\/et_pb_row][et_pb_row _builder_version=&#8220;3.0.47&#8243; background_size=&#8220;initial&#8220; background_position=&#8220;top_left&#8220; background_repeat=&#8220;repeat&#8220;][et_pb_column type=&#8220;1_4&#8243; _builder_version=&#8220;3.0.47&#8243; parallax=&#8220;off&#8220; parallax_method=&#8220;on&#8220;][et_pb_image src=&#8220;http:\/\/houpadla.cz\/wp-content\/uploads\/2019\/03\/IMG_2890.jpg&#8220; show_in_lightbox=&#8220;on&#8220; align=&#8220;center&#8220; _builder_version=&#8220;3.0.106&#8243;][\/et_pb_image][\/et_pb_column][et_pb_column type=&#8220;1_4&#8243; _builder_version=&#8220;3.0.47&#8243; parallax=&#8220;off&#8220; parallax_method=&#8220;on&#8220;][et_pb_text _builder_version=&#8220;3.0.106&#8243; header_3_font=&#8220;|700||||on|||&#8220; header_3_text_color=&#8220;#fa7f28&#8243;]<\/p>\n<h3 style=\"text-align: left;\"><strong>Bagr m\u00ed\u010dky<\/strong><\/h3>\n<h3 style=\"text-align: left;\"><strong style=\"font-size: 14px; color: #666666;\">Popis:<\/strong><\/h3>\n<div id=\"imCell_44\"><span class=\"ff0 fs20\"><span class=\"cf1\">d350 x v205 x \u0161210cm-405kg<\/span><\/span><\/div>\n<div id=\"imCell_45\"><\/div>\n<p>[\/et_pb_text][\/et_pb_column][et_pb_column type=&#8220;1_4&#8243; _builder_version=&#8220;3.0.47&#8243; parallax=&#8220;off&#8220; parallax_method=&#8220;on&#8220;][et_pb_image src=&#8220;https:\/\/www.houpadla.cz\/wp-content\/uploads\/2019\/03\/20151112_112526.jpg&#8220; show_in_lightbox=&#8220;on&#8220; align=&#8220;center&#8220; _builder_version=&#8220;3.0.106&#8243;][\/et_pb_image][\/et_pb_column][et_pb_column type=&#8220;1_4&#8243; _builder_version=&#8220;3.0.47&#8243; parallax=&#8220;off&#8220; parallax_method=&#8220;on&#8220;][et_pb_text _builder_version=&#8220;3.0.106&#8243; header_3_font=&#8220;|700||||on|||&#8220; header_3_text_color=&#8220;#fa7f28&#8243;]<\/p>\n<h3 style=\"text-align: left;\">Traktor s radlic\u00ed<\/h3>\n<p><strong>Popis:<\/strong><\/p>\n<p><span class=\"ff0 fs20\"><span class=\"cf1\">d150 x v155 x \u016180cm-85kg<\/span><\/span><\/p>\n<p><strong><\/strong><\/p>\n<div id=\"imCell_13\"><\/div>\n<p>[\/et_pb_text][\/et_pb_column][\/et_pb_row][\/et_pb_section]<\/p>\n","protected":false},"excerpt":{"rendered":"<p>[et_pb_section fb_built=&#8220;1&#8243; _builder_version=&#8220;3.0.47&#8243;][\/et_pb_section][et_pb_section fb_built=&#8220;1&#8243; _builder_version=&#8220;3.0.106&#8243;][et_pb_row custom_margin=&#8220;-90px|||&#8220; _builder_version=&#8220;3.0.106&#8243; background_size=&#8220;initial&#8220; background_position=&#8220;top_left&#8220; background_repeat=&#8220;repeat&#8220;][et_pb_column type=&#8220;1_4&#8243; _builder_version=&#8220;3.0.47&#8243; parallax=&#8220;off&#8220; parallax_method=&#8220;on&#8220;][et_pb_image src=&#8220;http:\/\/houpadla.cz\/wp-content\/uploads\/2019\/03\/DSCN9920.jpg&#8220; show_in_lightbox=&#8220;on&#8220; align=&#8220;center&#8220; _builder_version=&#8220;3.0.106&#8243;][\/et_pb_image][\/et_pb_column][et_pb_column type=&#8220;1_4&#8243; _builder_version=&#8220;3.0.47&#8243; parallax=&#8220;off&#8220; parallax_method=&#8220;on&#8220;][et_pb_text _builder_version=&#8220;3.0.106&#8243; header_3_font=&#8220;|700||||on|||&#8220; header_3_text_color=&#8220;#fa7f28&#8243;] Bagr m\u00ed\u010dky Popis: d295xv260x\u0161150cm-200kg [\/et_pb_text][\/et_pb_column][et_pb_column type=&#8220;1_4&#8243; _builder_version=&#8220;3.0.47&#8243; parallax=&#8220;off&#8220; parallax_method=&#8220;on&#8220;][et_pb_image src=&#8220;http:\/\/houpadla.cz\/wp-content\/uploads\/2019\/03\/DSCN9858.jpg&#8220; show_in_lightbox=&#8220;on&#8220; align=&#8220;center&#8220; _builder_version=&#8220;3.0.106&#8243;][\/et_pb_image][\/et_pb_column][et_pb_column type=&#8220;1_4&#8243; _builder_version=&#8220;3.0.47&#8243; parallax=&#8220;off&#8220; parallax_method=&#8220;on&#8220;][et_pb_text _builder_version=&#8220;3.0.106&#8243; header_3_font=&#8220;|700||||on|||&#8220; header_3_text_color=&#8220;#fa7f28&#8243;] Extraktor Popis: d150xv140x\u016185cm-90kg [\/et_pb_text][\/et_pb_column][\/et_pb_row][et_pb_row _builder_version=&#8220;3.0.47&#8243; background_size=&#8220;initial&#8220; background_position=&#8220;top_left&#8220; background_repeat=&#8220;repeat&#8220;][et_pb_column type=&#8220;1_4&#8243; _builder_version=&#8220;3.0.47&#8243; [&hellip;]<\/p>\n","protected":false},"author":3,"featured_media":0,"parent":140,"menu_order":0,"comment_status":"closed","ping_status":"closed","template":"","meta":{"footnotes":""},"class_list":["post-886","page","type-page","status-publish","hentry"],"_links":{"self":[{"href":"https:\/\/houpadla.cz\/en\/wp-json\/wp\/v2\/pages\/886","targetHints":{"allow":["GET"]}}],"collection":[{"href":"https:\/\/houpadla.cz\/en\/wp-json\/wp\/v2\/pages"}],"about":[{"href":"https:\/\/houpadla.cz\/en\/wp-json\/wp\/v2\/types\/page"}],"author":[{"embeddable":true,"href":"https:\/\/houpadla.cz\/en\/wp-json\/wp\/v2\/users\/3"}],"replies":[{"embeddable":true,"href":"https:\/\/houpadla.cz\/en\/wp-json\/wp\/v2\/comments?post=886"}],"version-history":[{"count":0,"href":"https:\/\/houpadla.cz\/en\/wp-json\/wp\/v2\/pages\/886\/revisions"}],"up":[{"embeddable":true,"href":"https:\/\/houpadla.cz\/en\/wp-json\/wp\/v2\/pages\/140"}],"wp:attachment":[{"href":"https:\/\/houpadla.cz\/en\/wp-json\/wp\/v2\/media?parent=886"}],"curies":[{"name":"wp","href":"https:\/\/api.w.org\/{rel}","templated":true}]}}