{"id":856,"date":"2019-02-25T11:46:42","date_gmt":"2019-02-25T10:46:42","guid":{"rendered":"http:\/\/houpadla.thimble.cz\/?page_id=856"},"modified":"2026-03-02T10:46:33","modified_gmt":"2026-03-02T09:46:33","slug":"masinky","status":"publish","type":"page","link":"https:\/\/houpadla.cz\/en\/nabidka-houpadel\/masinky\/","title":{"rendered":"Trains"},"content":{"rendered":"<p>[et_pb_section fb_built=&#8220;1&#8243; _builder_version=&#8220;3.0.106&#8243;][et_pb_row _builder_version=&#8220;3.0.47&#8243; background_size=&#8220;initial&#8220; background_position=&#8220;top_left&#8220; background_repeat=&#8220;repeat&#8220;][et_pb_column type=&#8220;1_4&#8243; _builder_version=&#8220;3.0.47&#8243; parallax=&#8220;off&#8220; parallax_method=&#8220;on&#8220;][et_pb_image src=&#8220;http:\/\/houpadla.cz\/wp-content\/uploads\/2019\/03\/DSCF2667.jpg&#8220; show_in_lightbox=&#8220;on&#8220; align=&#8220;center&#8220; _builder_version=&#8220;3.0.106&#8243;][\/et_pb_image][\/et_pb_column][et_pb_column type=&#8220;1_4&#8243; _builder_version=&#8220;3.0.47&#8243; parallax=&#8220;off&#8220; parallax_method=&#8220;on&#8220;][et_pb_text _builder_version=&#8220;3.0.106&#8243; header_font=&#8220;||||||||&#8220; header_3_font=&#8220;|700||||on|||&#8220; header_3_text_color=&#8220;#fa7f28&#8243;]<\/p>\n<h3 style=\"text-align: left;\">Vlak Mini Express<\/h3>\n<p><strong>Popis:<\/strong><\/p>\n<p>d1041xv179x\u016187cm<\/p>\n<p>[\/et_pb_text][\/et_pb_column][et_pb_column type=&#8220;1_4&#8243; _builder_version=&#8220;3.0.47&#8243; parallax=&#8220;off&#8220; parallax_method=&#8220;on&#8220;][et_pb_image src=&#8220;http:\/\/houpadla.cz\/wp-content\/uploads\/2019\/03\/DSC00340.jpg&#8220; show_in_lightbox=&#8220;on&#8220; align=&#8220;center&#8220; _builder_version=&#8220;3.0.106&#8243;][\/et_pb_image][\/et_pb_column][et_pb_column type=&#8220;1_4&#8243; _builder_version=&#8220;3.0.47&#8243; parallax=&#8220;off&#8220; parallax_method=&#8220;on&#8220;][et_pb_text _builder_version=&#8220;3.0.106&#8243; header_font=&#8220;||||||||&#8220; header_3_font=&#8220;|700||||on|||&#8220; header_3_text_color=&#8220;#fa7f28&#8243;]<\/p>\n<h3 style=\"text-align: left\">Vlak Pacific<\/h3>\n<p><strong>Popis:<\/strong><\/p>\n<p>d1000xv190x\u0161700cm<\/p>\n<div id=\"imCell_13\"><\/div>\n<p>[\/et_pb_text][\/et_pb_column][\/et_pb_row][et_pb_row _builder_version=&#8220;3.0.106&#8243; background_size=&#8220;initial&#8220; background_position=&#8220;top_left&#8220; background_repeat=&#8220;repeat&#8220;][et_pb_column type=&#8220;1_4&#8243; _builder_version=&#8220;3.0.47&#8243; parallax=&#8220;off&#8220; parallax_method=&#8220;on&#8220;][et_pb_image src=&#8220;http:\/\/houpadla.cz\/wp-content\/uploads\/2019\/03\/DSCF2750.jpg&#8220; show_in_lightbox=&#8220;on&#8220; align=&#8220;center&#8220; _builder_version=&#8220;3.0.106&#8243;][\/et_pb_image][\/et_pb_column][et_pb_column type=&#8220;1_4&#8243; _builder_version=&#8220;3.0.47&#8243; parallax=&#8220;off&#8220; parallax_method=&#8220;on&#8220;][et_pb_text _builder_version=&#8220;3.0.106&#8243; header_font=&#8220;||||||||&#8220; header_3_font=&#8220;|700||||on|||&#8220; header_3_text_color=&#8220;#fa7f28&#8243;]<\/p>\n<h3 style=\"text-align: left\"><strong>Vl\u00e1\u010dek<\/strong><\/h3>\n<h3 style=\"text-align: left\"><strong style=\"font-size: 14px;color: #666666\">Popis:<\/strong><\/h3>\n<div id=\"imCell_13\">\n<div id=\"imCellStyle_13\">\n<div id=\"imTextObject_13\">\n<div id=\"imTextObject_13_tab0\" class=\"text-tab-content\">\n<div class=\"text-inner\">\n<p>d720xv150x\u0161320cm<br \/>d520xv150x\u0161320cm<br \/>d320xv150x\u0161320cm<\/p>\n<\/div>\n<\/div>\n<\/div>\n<\/div>\n<\/div>\n<p>[\/et_pb_text][\/et_pb_column][et_pb_column type=&#8220;1_4&#8243; _builder_version=&#8220;3.0.47&#8243; parallax=&#8220;off&#8220; parallax_method=&#8220;on&#8220;][et_pb_image src=&#8220;http:\/\/houpadla.cz\/wp-content\/uploads\/2019\/03\/MG_0175F.jpg&#8220; show_in_lightbox=&#8220;on&#8220; align=&#8220;center&#8220; _builder_version=&#8220;3.0.106&#8243;][\/et_pb_image][\/et_pb_column][et_pb_column type=&#8220;1_4&#8243; _builder_version=&#8220;3.0.47&#8243; parallax=&#8220;off&#8220; parallax_method=&#8220;on&#8220;][et_pb_text _builder_version=&#8220;3.0.106&#8243; header_font=&#8220;||||||||&#8220; header_3_font=&#8220;|700||||on|||&#8220; header_3_text_color=&#8220;#fa7f28&#8243;]<\/p>\n<h3 style=\"text-align: left\"><strong>Vl\u00e1\u010dek II.<\/strong><\/h3>\n<h3 style=\"text-align: left\"><strong style=\"font-size: 14px;color: #666666\">Popis:<\/strong><\/h3>\n<p>d720xv150x\u0161320cm<br \/>d520xv150x\u0161320cm<br \/>d320xv150x\u0161320cm<br \/>d470xv150x\u0161270cm<br \/>d270xv150x\u0161270cm<\/p>\n<div id=\"imCell_67\"><\/div>\n<p>[\/et_pb_text][\/et_pb_column][\/et_pb_row][et_pb_row _builder_version=&#8220;3.0.47&#8243; background_size=&#8220;initial&#8220; background_position=&#8220;top_left&#8220; background_repeat=&#8220;repeat&#8220;][et_pb_column type=&#8220;1_4&#8243; _builder_version=&#8220;3.0.47&#8243; parallax=&#8220;off&#8220; parallax_method=&#8220;on&#8220;][et_pb_image src=&#8220;http:\/\/houpadla.cz\/wp-content\/uploads\/2019\/03\/IMG-20170323-WA0019-1.jpg&#8220; show_in_lightbox=&#8220;on&#8220; align=&#8220;center&#8220; _builder_version=&#8220;3.0.106&#8243;][\/et_pb_image][\/et_pb_column][et_pb_column type=&#8220;1_4&#8243; _builder_version=&#8220;3.0.47&#8243; parallax=&#8220;off&#8220; parallax_method=&#8220;on&#8220;][et_pb_text _builder_version=&#8220;3.0.106&#8243; header_font=&#8220;||||||||&#8220; header_3_font=&#8220;|700||||on|||&#8220; header_3_text_color=&#8220;#fa7f28&#8243;]<\/p>\n<h3 style=\"text-align: left\"><strong>Vl\u00e1\u010dek \u010derno \u010derven\u00fd<\/strong><\/h3>\n<h3 style=\"text-align: left\"><strong style=\"font-size: 14px;color: #666666\">Popis:<\/strong><\/h3>\n<div id=\"imGroup_4\" class=\"imHGroup\">\n<div id=\"imCell_67\">\n<div id=\"imCellStyle_67\">\n<div id=\"imTextObject_67\">\n<div id=\"imTextObject_67_tab0\" class=\"text-tab-content\">\n<div class=\"text-inner\">\n<div>d720xv150x\u0161320cm<br \/>d520xv150x\u0161320cm<br \/>d320xv150x\u0161320cm<br \/>d470xv150x\u0161270cm<br \/>d270xv150x\u0161270cm<\/div>\n<\/div>\n<\/div>\n<\/div>\n<\/div>\n<\/div>\n<\/div>\n<div id=\"imGroup_5\" class=\"imHGroup\"><\/div>\n<p>[\/et_pb_text][\/et_pb_column][et_pb_column type=&#8220;1_4&#8243; _builder_version=&#8220;3.0.47&#8243; parallax=&#8220;off&#8220; parallax_method=&#8220;on&#8220;][et_pb_image src=&#8220;http:\/\/houpadla.cz\/wp-content\/uploads\/2019\/03\/DSCF2693.jpg&#8220; show_in_lightbox=&#8220;on&#8220; align=&#8220;center&#8220; _builder_version=&#8220;3.0.106&#8243;][\/et_pb_image][\/et_pb_column][et_pb_column type=&#8220;1_4&#8243; _builder_version=&#8220;3.0.47&#8243; parallax=&#8220;off&#8220; parallax_method=&#8220;on&#8220;][et_pb_text _builder_version=&#8220;3.0.106&#8243; header_font=&#8220;||||||||&#8220; header_3_font=&#8220;|700||||on|||&#8220; header_3_text_color=&#8220;#fa7f28&#8243;]<\/p>\n<h3 style=\"text-align: left\">Vl\u00e1\u010dek London Bus<\/h3>\n<h3 style=\"text-align: left\"><strong style=\"font-size: 14px;color: #666666\">Popis:<\/strong><\/h3>\n<div id=\"imCell_39\">\n<div id=\"imCellStyle_39\">\n<div id=\"imTextObject_39\">\n<div id=\"imTextObject_39_tab0\" class=\"text-tab-content\">\n<div class=\"text-inner\">\n<p><span class=\"ff0 fs20\">d720xv150x\u0161320cm<br \/>d520xv150x\u0161320cm<br \/>d320xv150x\u0161320cm<br \/>d470xv150x\u0161270cm<br \/>d270xv150x\u0161270cm<br \/> <\/span><\/p>\n<\/div>\n<\/div>\n<\/div>\n<\/div>\n<\/div>\n<div id=\"imCell_44\"><\/div>\n<p>[\/et_pb_text][\/et_pb_column][\/et_pb_row][et_pb_row _builder_version=&#8220;3.0.47&#8243; background_size=&#8220;initial&#8220; background_position=&#8220;top_left&#8220; background_repeat=&#8220;repeat&#8220;][et_pb_column type=&#8220;1_4&#8243; _builder_version=&#8220;3.0.47&#8243; parallax=&#8220;off&#8220; parallax_method=&#8220;on&#8220;][et_pb_image src=&#8220;https:\/\/www.houpadla.cz\/wp-content\/uploads\/2025\/09\/vlacekforest.jpg&#8220; show_in_lightbox=&#8220;on&#8220; _builder_version=&#8220;3.0.106&#8243;][\/et_pb_image][\/et_pb_column][et_pb_column type=&#8220;1_4&#8243; _builder_version=&#8220;3.0.47&#8243; parallax=&#8220;off&#8220; parallax_method=&#8220;on&#8220;][et_pb_text _builder_version=&#8220;3.0.106&#8243; header_font=&#8220;||||||||&#8220; header_3_font=&#8220;|700||||on|||&#8220; header_3_text_color=&#8220;#fa7f28&#8243;]<\/p>\n<h3 style=\"text-align: left\"><strong>Vl\u00e1\u010dek Forest Train<\/strong><\/h3>\n<h3 style=\"text-align: left\"><strong style=\"font-size: 14px;color: #666666\">Popis:<\/strong><\/h3>\n<div id=\"imCell_44\">\n<div id=\"imCellStyle_44\">\n<div id=\"imTextObject_44\">\n<div id=\"imTextObject_44_tab0\" class=\"text-tab-content\">\n<div class=\"text-inner\">\n<div id=\"imCell_195\">\n<div id=\"imCellStyle_195\">\n<div id=\"imTextObject_195\">\n<div id=\"imTextObject_195_tab0\" class=\"text-tab-content\">\n<div class=\"text-inner\">\n<div>\n<div id=\"imCell_37\">\n<div id=\"imCellStyle_37\">\n<div id=\"imTextObject_37\">\n<div id=\"imTextObject_37_tab0\" class=\"text-tab-content\">\n<div class=\"text-inner\">\n<p><span class=\"cf4 ff1 fs20\">pr\u016fm\u011br 220xv110cm-205kg<\/span><span class=\"cf1 ff0 fs20\"><br \/> <\/span><\/p>\n<\/div>\n<\/div>\n<\/div>\n<\/div>\n<\/div>\n<\/div>\n<\/div>\n<\/div>\n<\/div>\n<\/div>\n<\/div>\n<div id=\"imCell_54\"><\/div>\n<p><span class=\"cf1 ff0 fs20\">\u00a0<\/span><\/p>\n<\/div>\n<\/div>\n<\/div>\n<\/div>\n<\/div>\n<div id=\"imCell_45\"><\/div>\n<p>[\/et_pb_text][\/et_pb_column][et_pb_column type=&#8220;1_4&#8243; _builder_version=&#8220;3.0.47&#8243; parallax=&#8220;off&#8220; parallax_method=&#8220;on&#8220;][et_pb_image src=&#8220;https:\/\/www.houpadla.cz\/wp-content\/uploads\/2025\/05\/VlacekFalgas.jpg&#8220; show_in_lightbox=&#8220;on&#8220; align=&#8220;center&#8220; _builder_version=&#8220;3.0.106&#8243;][\/et_pb_image][\/et_pb_column][et_pb_column type=&#8220;1_4&#8243; _builder_version=&#8220;3.0.47&#8243; parallax=&#8220;off&#8220; parallax_method=&#8220;on&#8220;][et_pb_text _builder_version=&#8220;3.0.106&#8243; header_font=&#8220;||||||||&#8220; header_3_font=&#8220;|700||||on|||&#8220; header_3_text_color=&#8220;#fa7f28&#8243;]<\/p>\n<h3 style=\"text-align: left\"><strong>Vl\u00e1\u010dek Falgas<\/strong><\/h3>\n<h3 style=\"text-align: left\"><strong style=\"font-size: 14px;color: #666666\">Popis:<\/strong><\/h3>\n<div id=\"imCell_45\">\n<div id=\"imCellStyle_45\">\n<div id=\"imTextObject_45\">\n<div id=\"imTextObject_45_tab0\" class=\"text-tab-content\">\n<div class=\"text-inner\">\n<p><span class=\"cf1 ff0 fs20\"><span class=\"ff0 fs20\"><span class=\"cf1\">d500 x v115 x \u0161300cm-185kg<\/span><\/span><br \/> <\/span><\/p>\n<\/div>\n<\/div>\n<\/div>\n<\/div>\n<\/div>\n<p>[\/et_pb_text][\/et_pb_column][\/et_pb_row][et_pb_row _builder_version=&#8220;3.0.47&#8243; background_size=&#8220;initial&#8220; background_position=&#8220;top_left&#8220; background_repeat=&#8220;repeat&#8220;][et_pb_column type=&#8220;1_4&#8243; _builder_version=&#8220;3.0.47&#8243; parallax=&#8220;off&#8220; parallax_method=&#8220;on&#8220;][et_pb_image src=&#8220;http:\/\/houpadla.cz\/wp-content\/uploads\/2019\/03\/MG_0016Fv.jpg&#8220; show_in_lightbox=&#8220;on&#8220; align=&#8220;center&#8220; _builder_version=&#8220;3.0.106&#8243;][\/et_pb_image][\/et_pb_column][et_pb_column type=&#8220;1_4&#8243; _builder_version=&#8220;3.0.47&#8243; parallax=&#8220;off&#8220; parallax_method=&#8220;on&#8220;][et_pb_text _builder_version=&#8220;3.0.106&#8243; header_font=&#8220;||||||||&#8220; header_3_font=&#8220;|700||||on|||&#8220; header_3_text_color=&#8220;#fa7f28&#8243;]<\/p>\n<h3 style=\"text-align: left\">Loko Trico Train<\/h3>\n<h3 style=\"text-align: left\"><strong style=\"font-size: 14px;color: #666666\">Popis:<\/strong><\/h3>\n<p>d164xv134x\u016173cm-110kg<br \/>\n[\/et_pb_text][et_pb_image src=&#8220;https:\/\/www.houpadla.cz\/wp-content\/uploads\/2019\/03\/YT.jpg&#8220; url=&#8220;https:\/\/www.youtube.com\/watch?v=iV9jFAU74cI&#8220; url_new_window=&#8220;on&#8220; _builder_version=&#8220;3.0.106&#8243; custom_padding=&#8220;|||90px&#8220;][\/et_pb_image][\/et_pb_column][et_pb_column type=&#8220;1_4&#8243; _builder_version=&#8220;3.0.47&#8243; parallax=&#8220;off&#8220; parallax_method=&#8220;on&#8220;][et_pb_image src=&#8220;http:\/\/houpadla.cz\/wp-content\/uploads\/2019\/03\/DSCN9903.jpg&#8220; show_in_lightbox=&#8220;on&#8220; align=&#8220;center&#8220; _builder_version=&#8220;3.0.106&#8243;][\/et_pb_image][\/et_pb_column][et_pb_column type=&#8220;1_4&#8243; _builder_version=&#8220;3.0.47&#8243; parallax=&#8220;off&#8220; parallax_method=&#8220;on&#8220;][et_pb_text _builder_version=&#8220;3.0.106&#8243; header_font=&#8220;||||||||&#8220; header_3_font=&#8220;|700||||on|||&#8220; header_3_text_color=&#8220;#fa7f28&#8243;]<\/p>\n<h3 style=\"text-align: left\"><strong>Loko Funny<\/strong><\/h3>\n<h3 style=\"text-align: left\"><strong style=\"font-size: 14px;color: #666666\">Popis:<\/strong><\/h3>\n<p>d125xv115x\u016163cm-74kg<br \/>\n[\/et_pb_text][et_pb_image src=&#8220;https:\/\/www.houpadla.cz\/wp-content\/uploads\/2019\/03\/YT.jpg&#8220; url=&#8220;https:\/\/www.youtube.com\/watch?v=uV-54clYl74&#8243; url_new_window=&#8220;on&#8220; _builder_version=&#8220;3.0.106&#8243; custom_padding=&#8220;|||90px&#8220;][\/et_pb_image][\/et_pb_column][\/et_pb_row][et_pb_row _builder_version=&#8220;3.0.47&#8243; background_size=&#8220;initial&#8220; background_position=&#8220;top_left&#8220; background_repeat=&#8220;repeat&#8220;][et_pb_column type=&#8220;1_4&#8243; _builder_version=&#8220;3.0.47&#8243; parallax=&#8220;off&#8220; parallax_method=&#8220;on&#8220;][et_pb_image src=&#8220;http:\/\/houpadla.cz\/wp-content\/uploads\/2019\/03\/IMG_2993.jpg&#8220; show_in_lightbox=&#8220;on&#8220; align=&#8220;center&#8220; _builder_version=&#8220;3.0.106&#8243;][\/et_pb_image][\/et_pb_column][et_pb_column type=&#8220;1_4&#8243; _builder_version=&#8220;3.0.47&#8243; parallax=&#8220;off&#8220; parallax_method=&#8220;on&#8220;][et_pb_text _builder_version=&#8220;3.0.106&#8243; header_font=&#8220;||||||||&#8220; header_3_font=&#8220;|700||||on|||&#8220; header_3_text_color=&#8220;#fa7f28&#8243;]<\/p>\n<h3 style=\"text-align: left\"><strong>Loko Classic<\/strong><\/h3>\n<h3 style=\"text-align: left\"><strong style=\"font-size: 14px;color: #666666\">Popis:<\/strong><\/h3>\n<div id=\"imCell_44\">\n<div id=\"imCellStyle_44\">\n<div id=\"imTextObject_44\">\n<div id=\"imTextObject_44_tab0\" class=\"text-tab-content\">\n<div class=\"text-inner\">\n<p><span class=\"cf1 ff0 fs20\"><span class=\"cf4 ff1 fs20\">d225xv190x\u0161120cm<\/span><span class=\"ff0 cf4 fs20\">-150kg<\/span><br \/>\n<\/span><\/p>\n<\/div>\n<\/div>\n<\/div>\n<\/div>\n<\/div>\n<div id=\"imCell_45\"><\/div>\n<p>[\/et_pb_text][\/et_pb_column][et_pb_column type=&#8220;1_4&#8243; _builder_version=&#8220;3.0.47&#8243; parallax=&#8220;off&#8220; parallax_method=&#8220;on&#8220;][et_pb_image src=&#8220;https:\/\/www.houpadla.cz\/wp-content\/uploads\/2025\/04\/vlacekKupper.jpg&#8220; show_in_lightbox=&#8220;on&#8220; _builder_version=&#8220;3.0.106&#8243;][\/et_pb_image][\/et_pb_column][et_pb_column type=&#8220;1_4&#8243; _builder_version=&#8220;3.0.47&#8243; parallax=&#8220;off&#8220; parallax_method=&#8220;on&#8220;][et_pb_text _builder_version=&#8220;3.0.106&#8243; header_font=&#8220;||||||||&#8220; header_3_font=&#8220;|700||||on|||&#8220; header_3_text_color=&#8220;#fa7f28&#8243;]<\/p>\n<h3 style=\"text-align: left\"><strong>Vl\u00e1\u010dek Kupper<\/strong><\/h3>\n<h3 style=\"text-align: left\"><strong style=\"font-size: 14px;color: #666666\">Popis:<\/strong><\/h3>\n<div id=\"imCell_44\">\n<div id=\"imCellStyle_44\">\n<div id=\"imTextObject_44\">\n<div id=\"imTextObject_44_tab0\" class=\"text-tab-content\">\n<div class=\"text-inner\">\n<p><span class=\"cf1 ff0 fs20\"><span class=\"cf4 ff1 fs20\">d420xv190x\u0161220cm<\/span><span class=\"ff0 cf4 fs20\">-150kg<\/span><br \/> <\/span><\/p>\n<\/div>\n<\/div>\n<\/div>\n<\/div>\n<\/div>\n<div id=\"imCell_45\"><\/div>\n<p>[\/et_pb_text][\/et_pb_column][\/et_pb_row][et_pb_row _builder_version=&#8220;3.0.106&#8243; background_size=&#8220;initial&#8220; background_position=&#8220;top_left&#8220; background_repeat=&#8220;repeat&#8220;][et_pb_column type=&#8220;1_4&#8243; _builder_version=&#8220;3.0.47&#8243; parallax=&#8220;off&#8220; parallax_method=&#8220;on&#8220;][et_pb_image src=&#8220;https:\/\/www.houpadla.cz\/wp-content\/uploads\/2019\/03\/DSCN9927.jpg&#8220; show_in_lightbox=&#8220;on&#8220; align=&#8220;center&#8220; _builder_version=&#8220;3.0.106&#8243;][\/et_pb_image][\/et_pb_column][et_pb_column type=&#8220;1_4&#8243; _builder_version=&#8220;3.0.47&#8243; parallax=&#8220;off&#8220; parallax_method=&#8220;on&#8220;][et_pb_text _builder_version=&#8220;3.0.106&#8243; header_font=&#8220;||||||||&#8220; header_3_font=&#8220;|700||||on|||&#8220; header_3_text_color=&#8220;#fa7f28&#8243;]<\/p>\n<h3 style=\"text-align: left\"><strong>Ma\u0161inka konvi\u010dka<\/strong><\/h3>\n<h3 style=\"text-align: left\"><strong style=\"font-size: 14px;color: #666666\">Popis:<\/strong><\/h3>\n<div id=\"imCell_44\">\n<div id=\"imCellStyle_44\">\n<div id=\"imTextObject_44\">\n<div id=\"imTextObject_44_tab0\" class=\"text-tab-content\">\n<div class=\"text-inner\">\n<p><span class=\"cf1 ff0 fs20\"><span class=\"cf4 ff1 fs20\">d170xv155x\u016180cm<\/span><span class=\"ff0 cf4 fs20\">-95kg<\/span><br \/> <\/span><\/p>\n<\/div>\n<\/div>\n<\/div>\n<\/div>\n<\/div>\n<div id=\"imCell_45\"><\/div>\n<p>[\/et_pb_text][\/et_pb_column][et_pb_column type=&#8220;1_4&#8243; _builder_version=&#8220;3.0.47&#8243; parallax=&#8220;off&#8220; parallax_method=&#8220;on&#8220;][et_pb_image src=&#8220;http:\/\/houpadla.cz\/wp-content\/uploads\/2019\/03\/DSCN9939.jpg&#8220; show_in_lightbox=&#8220;on&#8220; align=&#8220;center&#8220; _builder_version=&#8220;3.0.106&#8243;][\/et_pb_image][\/et_pb_column][et_pb_column type=&#8220;1_4&#8243; _builder_version=&#8220;3.0.47&#8243; parallax=&#8220;off&#8220; parallax_method=&#8220;on&#8220;][et_pb_text _builder_version=&#8220;3.0.106&#8243; header_font=&#8220;||||||||&#8220; header_3_font=&#8220;|700||||on|||&#8220; header_3_text_color=&#8220;#fa7f28&#8243;]<\/p>\n<h3 style=\"text-align: left\"><strong>Farm Train<\/strong><\/h3>\n<h3 style=\"text-align: left\"><strong style=\"font-size: 14px;color: #666666\">Popis:<\/strong><\/h3>\n<div id=\"imCell_45\">\n<div id=\"imCellStyle_45\">\n<div id=\"imTextObject_45\">\n<div id=\"imTextObject_45_tab0\" class=\"text-tab-content\">\n<div class=\"text-inner\">\n<p><span class=\"cf1 ff0 fs20\"><span class=\"ff0 fs20\"><span class=\"cf1\">d190 x v205 x \u016190cm-155kg<\/span><\/span><br \/> <\/span><\/p>\n<\/div>\n<\/div>\n<\/div>\n<\/div>\n<\/div>\n<p>[\/et_pb_text][\/et_pb_column][\/et_pb_row][et_pb_row _builder_version=&#8220;3.0.106&#8243; background_size=&#8220;initial&#8220; background_position=&#8220;top_left&#8220; background_repeat=&#8220;repeat&#8220;][et_pb_column type=&#8220;1_4&#8243; _builder_version=&#8220;3.0.47&#8243; parallax=&#8220;off&#8220; parallax_method=&#8220;on&#8220;][et_pb_image src=&#8220;https:\/\/www.houpadla.cz\/wp-content\/uploads\/2025\/05\/v\u010delka.jpg&#8220; show_in_lightbox=&#8220;on&#8220; align=&#8220;center&#8220; _builder_version=&#8220;3.0.106&#8243;][\/et_pb_image][\/et_pb_column][et_pb_column type=&#8220;1_4&#8243; _builder_version=&#8220;3.0.47&#8243; parallax=&#8220;off&#8220; parallax_method=&#8220;on&#8220;][et_pb_text _builder_version=&#8220;3.0.106&#8243; header_font=&#8220;||||||||&#8220; header_3_font=&#8220;|700||||on|||&#8220; header_3_text_color=&#8220;#fa7f28&#8243;]<\/p>\n<h3 style=\"text-align: left\"><strong>Vl\u00e1\u010dek v\u010delka<\/strong><\/h3>\n<h3 style=\"text-align: left\"><strong style=\"font-size: 14px;color: #666666\">Popis:<\/strong><\/h3>\n<div id=\"imCell_44\">\n<div id=\"imCellStyle_44\">\n<div id=\"imTextObject_44\">\n<div id=\"imTextObject_44_tab0\" class=\"text-tab-content\">\n<div class=\"text-inner\">\n<div id=\"imCell_195\">\n<div id=\"imCellStyle_195\">\n<div id=\"imTextObject_195\">\n<div id=\"imTextObject_195_tab0\" class=\"text-tab-content\">\n<div class=\"text-inner\">\n<div>\n<div id=\"imCell_37\">\n<div id=\"imCellStyle_37\">\n<div id=\"imTextObject_37\">\n<div id=\"imTextObject_37_tab0\" class=\"text-tab-content\">\n<div class=\"text-inner\">\n<p><span class=\"cf4 ff1 fs20\">d250xv75x\u0161160cm-125kg<\/span><span class=\"cf1 ff0 fs20\"><br \/> <\/span><\/p>\n<\/div>\n<\/div>\n<\/div>\n<\/div>\n<\/div>\n<\/div>\n<\/div>\n<\/div>\n<\/div>\n<\/div>\n<\/div>\n<div id=\"imCell_54\"><\/div>\n<p><span class=\"cf1 ff0 fs20\">\u00a0<\/span><\/p>\n<\/div>\n<\/div>\n<\/div>\n<\/div>\n<\/div>\n<div id=\"imCell_45\"><\/div>\n<p>[\/et_pb_text][\/et_pb_column][et_pb_column type=&#8220;1_4&#8243; _builder_version=&#8220;3.0.47&#8243; parallax=&#8220;off&#8220; parallax_method=&#8220;on&#8220;][\/et_pb_column][et_pb_column type=&#8220;1_4&#8243; _builder_version=&#8220;3.0.47&#8243; parallax=&#8220;off&#8220; parallax_method=&#8220;on&#8220;][\/et_pb_column][\/et_pb_row][\/et_pb_section]<\/p>\n","protected":false},"excerpt":{"rendered":"<p>[et_pb_section fb_built=&#8220;1&#8243; _builder_version=&#8220;3.0.106&#8243;][et_pb_row _builder_version=&#8220;3.0.47&#8243; background_size=&#8220;initial&#8220; background_position=&#8220;top_left&#8220; background_repeat=&#8220;repeat&#8220;][et_pb_column type=&#8220;1_4&#8243; _builder_version=&#8220;3.0.47&#8243; parallax=&#8220;off&#8220; parallax_method=&#8220;on&#8220;][et_pb_image src=&#8220;http:\/\/houpadla.cz\/wp-content\/uploads\/2019\/03\/DSCF2667.jpg&#8220; show_in_lightbox=&#8220;on&#8220; align=&#8220;center&#8220; _builder_version=&#8220;3.0.106&#8243;][\/et_pb_image][\/et_pb_column][et_pb_column type=&#8220;1_4&#8243; _builder_version=&#8220;3.0.47&#8243; parallax=&#8220;off&#8220; parallax_method=&#8220;on&#8220;][et_pb_text _builder_version=&#8220;3.0.106&#8243; header_font=&#8220;||||||||&#8220; header_3_font=&#8220;|700||||on|||&#8220; header_3_text_color=&#8220;#fa7f28&#8243;] Vlak Mini Express Popis: d1041xv179x\u016187cm [\/et_pb_text][\/et_pb_column][et_pb_column type=&#8220;1_4&#8243; _builder_version=&#8220;3.0.47&#8243; parallax=&#8220;off&#8220; parallax_method=&#8220;on&#8220;][et_pb_image src=&#8220;http:\/\/houpadla.cz\/wp-content\/uploads\/2019\/03\/DSC00340.jpg&#8220; show_in_lightbox=&#8220;on&#8220; align=&#8220;center&#8220; _builder_version=&#8220;3.0.106&#8243;][\/et_pb_image][\/et_pb_column][et_pb_column type=&#8220;1_4&#8243; _builder_version=&#8220;3.0.47&#8243; parallax=&#8220;off&#8220; parallax_method=&#8220;on&#8220;][et_pb_text _builder_version=&#8220;3.0.106&#8243; header_font=&#8220;||||||||&#8220; header_3_font=&#8220;|700||||on|||&#8220; header_3_text_color=&#8220;#fa7f28&#8243;] Vlak Pacific Popis: d1000xv190x\u0161700cm [\/et_pb_text][\/et_pb_column][\/et_pb_row][et_pb_row _builder_version=&#8220;3.0.106&#8243; background_size=&#8220;initial&#8220; background_position=&#8220;top_left&#8220; background_repeat=&#8220;repeat&#8220;][et_pb_column type=&#8220;1_4&#8243; [&hellip;]<\/p>\n","protected":false},"author":3,"featured_media":0,"parent":140,"menu_order":0,"comment_status":"closed","ping_status":"closed","template":"","meta":{"footnotes":""},"class_list":["post-856","page","type-page","status-publish","hentry"],"_links":{"self":[{"href":"https:\/\/houpadla.cz\/en\/wp-json\/wp\/v2\/pages\/856","targetHints":{"allow":["GET"]}}],"collection":[{"href":"https:\/\/houpadla.cz\/en\/wp-json\/wp\/v2\/pages"}],"about":[{"href":"https:\/\/houpadla.cz\/en\/wp-json\/wp\/v2\/types\/page"}],"author":[{"embeddable":true,"href":"https:\/\/houpadla.cz\/en\/wp-json\/wp\/v2\/users\/3"}],"replies":[{"embeddable":true,"href":"https:\/\/houpadla.cz\/en\/wp-json\/wp\/v2\/comments?post=856"}],"version-history":[{"count":0,"href":"https:\/\/houpadla.cz\/en\/wp-json\/wp\/v2\/pages\/856\/revisions"}],"up":[{"embeddable":true,"href":"https:\/\/houpadla.cz\/en\/wp-json\/wp\/v2\/pages\/140"}],"wp:attachment":[{"href":"https:\/\/houpadla.cz\/en\/wp-json\/wp\/v2\/media?parent=856"}],"curies":[{"name":"wp","href":"https:\/\/api.w.org\/{rel}","templated":true}]}}