{"id":812,"date":"2019-02-22T15:42:22","date_gmt":"2019-02-22T14:42:22","guid":{"rendered":"http:\/\/houpadla.thimble.cz\/?page_id=812"},"modified":"2026-03-02T10:44:57","modified_gmt":"2026-03-02T09:44:57","slug":"kolotoce","status":"publish","type":"page","link":"https:\/\/houpadla.cz\/en\/nabidka-houpadel\/kolotoce\/","title":{"rendered":"Carousels"},"content":{"rendered":"<p>[et_pb_section fb_built=&#8220;1&#8243; _builder_version=&#8220;3.0.106&#8243;][et_pb_row _builder_version=&#8220;3.0.47&#8243; background_size=&#8220;initial&#8220; background_position=&#8220;top_left&#8220; background_repeat=&#8220;repeat&#8220;][et_pb_column type=&#8220;1_4&#8243; _builder_version=&#8220;3.0.47&#8243; parallax=&#8220;off&#8220; parallax_method=&#8220;on&#8220;][et_pb_image src=&#8220;http:\/\/houpadla.cz\/wp-content\/uploads\/2019\/03\/DSCF2879.jpg&#8220; show_in_lightbox=&#8220;on&#8220; align=&#8220;center&#8220; _builder_version=&#8220;3.0.106&#8243;][\/et_pb_image][\/et_pb_column][et_pb_column type=&#8220;1_4&#8243; _builder_version=&#8220;3.0.47&#8243; parallax=&#8220;off&#8220; parallax_method=&#8220;on&#8220;][et_pb_text _builder_version=&#8220;3.0.106&#8243; header_font=&#8220;||||||||&#8220; header_3_font=&#8220;|700||||on|||&#8220; header_3_text_color=&#8220;#fa7f28&#8243;]<\/p>\n<h3 style=\"text-align: left;\">Koloto\u010d Tutti Fruti<\/h3>\n<p><strong>Popis:<\/strong><\/p>\n<p>v228x\u0161220cm-325kg<\/p>\n<p>[\/et_pb_text][\/et_pb_column][et_pb_column type=&#8220;1_4&#8243; _builder_version=&#8220;3.0.47&#8243; parallax=&#8220;off&#8220; parallax_method=&#8220;on&#8220;][et_pb_image src=&#8220;http:\/\/houpadla.cz\/wp-content\/uploads\/2019\/03\/DSCF2777.jpg&#8220; show_in_lightbox=&#8220;on&#8220; align=&#8220;center&#8220; _builder_version=&#8220;3.0.106&#8243;][\/et_pb_image][\/et_pb_column][et_pb_column type=&#8220;1_4&#8243; _builder_version=&#8220;3.0.47&#8243; parallax=&#8220;off&#8220; parallax_method=&#8220;on&#8220;][et_pb_text _builder_version=&#8220;3.0.106&#8243; header_font=&#8220;||||||||&#8220; header_3_font=&#8220;|700||||on|||&#8220; header_3_text_color=&#8220;#fa7f28&#8243;]<\/p>\n<h3 style=\"text-align: left;\">Koloto\u010d Fiesta<\/h3>\n<p><strong>Popis:<\/strong><\/p>\n<p>v215x\u0161130cm-200kg<\/p>\n<div id=\"imCell_13\"><\/div>\n<p>[\/et_pb_text][et_pb_image src=&#8220;https:\/\/www.houpadla.cz\/wp-content\/uploads\/2019\/03\/YT.jpg&#8220; url=&#8220;https:\/\/www.youtube.com\/watch?v=Er9GcgECNgs&#8220; url_new_window=&#8220;on&#8220; _builder_version=&#8220;3.0.106&#8243; custom_margin=&#8220;|||&#8220; custom_padding=&#8220;|||90px&#8220;][\/et_pb_image][\/et_pb_column][\/et_pb_row][et_pb_row _builder_version=&#8220;3.0.47&#8243; background_size=&#8220;initial&#8220; background_position=&#8220;top_left&#8220; background_repeat=&#8220;repeat&#8220;][et_pb_column type=&#8220;1_4&#8243; _builder_version=&#8220;3.0.47&#8243; parallax=&#8220;off&#8220; parallax_method=&#8220;on&#8220;][et_pb_image src=&#8220;http:\/\/houpadla.cz\/wp-content\/uploads\/2019\/03\/IMG_135050.jpg&#8220; show_in_lightbox=&#8220;on&#8220; align=&#8220;center&#8220; _builder_version=&#8220;3.0.106&#8243;][\/et_pb_image][\/et_pb_column][et_pb_column type=&#8220;1_4&#8243; _builder_version=&#8220;3.0.47&#8243; parallax=&#8220;off&#8220; parallax_method=&#8220;on&#8220;][et_pb_text _builder_version=&#8220;3.0.106&#8243; header_font=&#8220;||||||||&#8220; header_3_font=&#8220;|700||||on|||&#8220; header_3_text_color=&#8220;#fa7f28&#8243;]<\/p>\n<h3 style=\"text-align: left;\"><strong>Koloto\u010d poh\u00e1dkov\u00e9 postavy<\/strong><\/h3>\n<h3 style=\"text-align: left;\"><strong style=\"font-size: 14px; color: #666666;\">Popis:<\/strong><\/h3>\n<div id=\"imCell_45\">\n<div id=\"imCellStyle_45\">\n<div id=\"imTextObject_45\">\n<div id=\"imTextObject_45_tab0\" class=\"text-tab-content\">\n<div class=\"text-inner\">\n<div id=\"imCell_79\">\n<div id=\"imCellStyle_79\">\n<div id=\"imTextObject_79\">\n<div id=\"imTextObject_79_tab0\" class=\"text-tab-content\">\n<div class=\"text-inner\">\n<div id=\"imCell_171\">v275x\u0161140cm-270kg<\/div>\n<div id=\"imCell_121\"><\/div>\n<p><span class=\"cf1 ff0 fs20\">\u00a0<\/span><\/p>\n<\/div>\n<\/div>\n<\/div>\n<\/div>\n<\/div>\n<\/div>\n<\/div>\n<\/div>\n<\/div>\n<\/div>\n<p>\u00a0<\/p>\n<p>[\/et_pb_text][\/et_pb_column][et_pb_column type=&#8220;1_4&#8243; _builder_version=&#8220;3.0.47&#8243; parallax=&#8220;off&#8220; parallax_method=&#8220;on&#8220;][et_pb_image src=&#8220;http:\/\/houpadla.cz\/wp-content\/uploads\/2019\/03\/DSCN9916.jpg&#8220; show_in_lightbox=&#8220;on&#8220; align=&#8220;center&#8220; _builder_version=&#8220;3.0.106&#8243;][\/et_pb_image][\/et_pb_column][et_pb_column type=&#8220;1_4&#8243; _builder_version=&#8220;3.0.47&#8243; parallax=&#8220;off&#8220; parallax_method=&#8220;on&#8220;][et_pb_text _builder_version=&#8220;3.0.106&#8243; header_font=&#8220;||||||||&#8220; header_3_font=&#8220;|700||||on|||&#8220; header_3_text_color=&#8220;#fa7f28&#8243;]<\/p>\n<h3 style=\"text-align: left;\"><strong>Koloto\u010d 1900<\/strong><\/h3>\n<h3 style=\"text-align: left;\"><strong style=\"font-size: 14px; color: #666666;\">Popis:<\/strong><\/h3>\n<div id=\"imCell_45\">\n<div id=\"imCellStyle_45\">\n<div id=\"imTextObject_45\">\n<div id=\"imTextObject_45_tab0\" class=\"text-tab-content\">\n<div class=\"text-inner\">\n<div id=\"imCell_79\">\n<div id=\"imCellStyle_79\">\n<div id=\"imTextObject_79\">\n<div id=\"imTextObject_79_tab0\" class=\"text-tab-content\">\n<div class=\"text-inner\">\n<div id=\"imCell_171\">v340x230cm-350kg<\/div>\n<div id=\"imCell_121\"><\/div>\n<p><span class=\"cf1 ff0 fs20\">\u00a0<\/span><\/p>\n<\/div>\n<\/div>\n<\/div>\n<\/div>\n<\/div>\n<\/div>\n<\/div>\n<\/div>\n<\/div>\n<\/div>\n<p>\u00a0<\/p>\n<p>[\/et_pb_text][et_pb_image src=&#8220;https:\/\/www.houpadla.cz\/wp-content\/uploads\/2019\/03\/YT.jpg&#8220; url=&#8220;https:\/\/www.youtube.com\/watch?v=mKiT-abavts&#8220; url_new_window=&#8220;on&#8220; _builder_version=&#8220;3.0.106&#8243; custom_margin=&#8220;|||&#8220; custom_padding=&#8220;|||90px&#8220;][\/et_pb_image][\/et_pb_column][\/et_pb_row][et_pb_row _builder_version=&#8220;3.0.47&#8243; background_size=&#8220;initial&#8220; background_position=&#8220;top_left&#8220; background_repeat=&#8220;repeat&#8220;][et_pb_column type=&#8220;1_4&#8243; _builder_version=&#8220;3.0.47&#8243; parallax=&#8220;off&#8220; parallax_method=&#8220;on&#8220;][et_pb_image src=&#8220;http:\/\/houpadla.cz\/wp-content\/uploads\/2019\/03\/Albero2.jpg&#8220; show_in_lightbox=&#8220;on&#8220; align=&#8220;center&#8220; _builder_version=&#8220;3.0.106&#8243;][\/et_pb_image][\/et_pb_column][et_pb_column type=&#8220;1_4&#8243; _builder_version=&#8220;3.0.47&#8243; parallax=&#8220;off&#8220; parallax_method=&#8220;on&#8220;][et_pb_text _builder_version=&#8220;3.0.106&#8243; header_font=&#8220;||||||||&#8220; header_3_font=&#8220;|700||||on|||&#8220; header_3_text_color=&#8220;#fa7f28&#8243;]<\/p>\n<h3 style=\"text-align: left;\"><strong>Koloto\u010d Albero<\/strong><\/h3>\n<h3 style=\"text-align: left;\"><strong style=\"font-size: 14px; color: #666666;\">Popis:<\/strong><\/h3>\n<div id=\"imCell_44\">\n<div id=\"imCellStyle_44\">\n<div id=\"imTextObject_44\">\n<div id=\"imTextObject_44_tab0\" class=\"text-tab-content\">\n<div class=\"text-inner\">\n<div id=\"imCell_55\">\n<div id=\"imCellStyle_55\">\n<div id=\"imTextObject_55\">\n<div id=\"imTextObject_55_tab0\" class=\"text-tab-content\">\n<div class=\"text-inner\">\n<div id=\"imCell_79\">\n<div id=\"imCell_13\">\n<div id=\"imCellStyle_13\">\n<div id=\"imTextObject_13\">\n<div class=\"text-tab-content\" id=\"imTextObject_13_tab0\">\n<div class=\"text-inner\">\n<p><span class=\"cf4 ff1 fs20\">v230x\u0161220cm-350kg<\/span><\/p>\n<\/div>\n<\/div>\n<\/div>\n<\/div>\n<\/div>\n<\/div>\n<\/div>\n<\/div>\n<\/div>\n<\/div>\n<\/div>\n<\/div>\n<\/div>\n<\/div>\n<\/div>\n<\/div>\n<p>\u00a0<\/p>\n<p>[\/et_pb_text][\/et_pb_column][et_pb_column type=&#8220;1_4&#8243; _builder_version=&#8220;3.0.47&#8243; parallax=&#8220;off&#8220; parallax_method=&#8220;on&#8220;][et_pb_image src=&#8220;https:\/\/www.houpadla.cz\/wp-content\/uploads\/2025\/09\/kolotocCiuf.jpg&#8220; show_in_lightbox=&#8220;on&#8220; _builder_version=&#8220;3.0.106&#8243;][\/et_pb_image][\/et_pb_column][et_pb_column type=&#8220;1_4&#8243; _builder_version=&#8220;3.0.47&#8243; parallax=&#8220;off&#8220; parallax_method=&#8220;on&#8220;][et_pb_text _builder_version=&#8220;3.0.106&#8243; header_font=&#8220;||||||||&#8220; header_3_font=&#8220;|700||||on|||&#8220; header_3_text_color=&#8220;#fa7f28&#8243;]<\/p>\n<h3 style=\"text-align: left;\"><strong>Koloto\u010d Ciuf<\/strong><\/h3>\n<h3 style=\"text-align: left;\"><strong style=\"font-size: 14px; color: #666666;\">Popis:<\/strong><\/h3>\n<div id=\"imCell_44\">\n<div id=\"imCellStyle_44\">\n<div id=\"imTextObject_44\">\n<div id=\"imTextObject_44_tab0\" class=\"text-tab-content\">\n<div class=\"text-inner\">\n<div id=\"imCell_55\">\n<div id=\"imCellStyle_55\">\n<div id=\"imTextObject_55\">\n<div id=\"imTextObject_55_tab0\" class=\"text-tab-content\">\n<div class=\"text-inner\">\n<div id=\"imCell_79\">\n<div id=\"imCell_13\">\n<div id=\"imCellStyle_13\">\n<div id=\"imTextObject_13\">\n<div class=\"text-tab-content\" id=\"imTextObject_13_tab0\">\n<div class=\"text-inner\">\n<p><span class=\"cf4 ff1 fs20\">v250x\u0161190cm-300kg<\/span><\/p>\n<\/div>\n<\/div>\n<\/div>\n<\/div>\n<\/div>\n<\/div>\n<\/div>\n<\/div>\n<\/div>\n<\/div>\n<\/div>\n<\/div>\n<\/div>\n<\/div>\n<\/div>\n<\/div>\n<p>\u00a0<\/p>\n<p>[\/et_pb_text][\/et_pb_column][\/et_pb_row][\/et_pb_section]<\/p>\n","protected":false},"excerpt":{"rendered":"<p>[et_pb_section fb_built=&#8220;1&#8243; _builder_version=&#8220;3.0.106&#8243;][et_pb_row _builder_version=&#8220;3.0.47&#8243; background_size=&#8220;initial&#8220; background_position=&#8220;top_left&#8220; background_repeat=&#8220;repeat&#8220;][et_pb_column type=&#8220;1_4&#8243; _builder_version=&#8220;3.0.47&#8243; parallax=&#8220;off&#8220; parallax_method=&#8220;on&#8220;][et_pb_image src=&#8220;http:\/\/houpadla.cz\/wp-content\/uploads\/2019\/03\/DSCF2879.jpg&#8220; show_in_lightbox=&#8220;on&#8220; align=&#8220;center&#8220; _builder_version=&#8220;3.0.106&#8243;][\/et_pb_image][\/et_pb_column][et_pb_column type=&#8220;1_4&#8243; _builder_version=&#8220;3.0.47&#8243; parallax=&#8220;off&#8220; parallax_method=&#8220;on&#8220;][et_pb_text _builder_version=&#8220;3.0.106&#8243; header_font=&#8220;||||||||&#8220; header_3_font=&#8220;|700||||on|||&#8220; header_3_text_color=&#8220;#fa7f28&#8243;] Koloto\u010d Tutti Fruti Popis: v228x\u0161220cm-325kg [\/et_pb_text][\/et_pb_column][et_pb_column type=&#8220;1_4&#8243; _builder_version=&#8220;3.0.47&#8243; parallax=&#8220;off&#8220; parallax_method=&#8220;on&#8220;][et_pb_image src=&#8220;http:\/\/houpadla.cz\/wp-content\/uploads\/2019\/03\/DSCF2777.jpg&#8220; show_in_lightbox=&#8220;on&#8220; align=&#8220;center&#8220; _builder_version=&#8220;3.0.106&#8243;][\/et_pb_image][\/et_pb_column][et_pb_column type=&#8220;1_4&#8243; _builder_version=&#8220;3.0.47&#8243; parallax=&#8220;off&#8220; parallax_method=&#8220;on&#8220;][et_pb_text _builder_version=&#8220;3.0.106&#8243; header_font=&#8220;||||||||&#8220; header_3_font=&#8220;|700||||on|||&#8220; header_3_text_color=&#8220;#fa7f28&#8243;] Koloto\u010d Fiesta Popis: v215x\u0161130cm-200kg [\/et_pb_text][et_pb_image src=&#8220;https:\/\/www.houpadla.cz\/wp-content\/uploads\/2019\/03\/YT.jpg&#8220; url=&#8220;https:\/\/www.youtube.com\/watch?v=Er9GcgECNgs&#8220; url_new_window=&#8220;on&#8220; _builder_version=&#8220;3.0.106&#8243; custom_margin=&#8220;|||&#8220; [&hellip;]<\/p>\n","protected":false},"author":3,"featured_media":0,"parent":140,"menu_order":0,"comment_status":"closed","ping_status":"closed","template":"","meta":{"footnotes":""},"class_list":["post-812","page","type-page","status-publish","hentry"],"_links":{"self":[{"href":"https:\/\/houpadla.cz\/en\/wp-json\/wp\/v2\/pages\/812","targetHints":{"allow":["GET"]}}],"collection":[{"href":"https:\/\/houpadla.cz\/en\/wp-json\/wp\/v2\/pages"}],"about":[{"href":"https:\/\/houpadla.cz\/en\/wp-json\/wp\/v2\/types\/page"}],"author":[{"embeddable":true,"href":"https:\/\/houpadla.cz\/en\/wp-json\/wp\/v2\/users\/3"}],"replies":[{"embeddable":true,"href":"https:\/\/houpadla.cz\/en\/wp-json\/wp\/v2\/comments?post=812"}],"version-history":[{"count":0,"href":"https:\/\/houpadla.cz\/en\/wp-json\/wp\/v2\/pages\/812\/revisions"}],"up":[{"embeddable":true,"href":"https:\/\/houpadla.cz\/en\/wp-json\/wp\/v2\/pages\/140"}],"wp:attachment":[{"href":"https:\/\/houpadla.cz\/en\/wp-json\/wp\/v2\/media?parent=812"}],"curies":[{"name":"wp","href":"https:\/\/api.w.org\/{rel}","templated":true}]}}