{"id":36,"date":"2018-05-11T12:33:24","date_gmt":"2018-05-11T10:33:24","guid":{"rendered":"http:\/\/houpadla.thimble.cz\/subdom\/houpadla\/?page_id=36"},"modified":"2026-03-02T11:08:49","modified_gmt":"2026-03-02T10:08:49","slug":"o-nas","status":"publish","type":"page","link":"https:\/\/houpadla.cz\/en\/o-nas\/","title":{"rendered":"About us"},"content":{"rendered":"<p>[et_pb_section fb_built=&#8220;1&#8243; admin_label=&#8220;Hero section&#8220; _builder_version=&#8220;3.0.106&#8243; use_background_color_gradient=&#8220;on&#8220; background_color_gradient_start=&#8220;rgba(150,105,97,0.67)&#8220; background_color_gradient_end=&#8220;rgba(2,0,76,0.84)&#8220; background_color_gradient_overlays_image=&#8220;on&#8220; background_image=&#8220;http:\/\/houpadla.thimble.cz\/subdom\/houpadla\/wp-content\/uploads\/2019\/01\/15.jpg&#8220; custom_margin=&#8220;|||&#8220; custom_padding=&#8220;2.8%||0.8%|&#8220;][et_pb_row custom_margin=&#8220;|||&#8220; padding_top_1=&#8220;1px&#8220; _builder_version=&#8220;3.0.106&#8243;][et_pb_column type=&#8220;2_3&#8243; _builder_version=&#8220;3.0.47&#8243; padding_top=&#8220;1px&#8220; parallax=&#8220;off&#8220; parallax_method=&#8220;on&#8220;][et_pb_text background_layout=&#8220;dark&#8220; _builder_version=&#8220;3.0.106&#8243; text_font=&#8220;Lato||||||||&#8220; text_font_size=&#8220;20px&#8220; text_line_height=&#8220;1.8em&#8220; header_font=&#8220;Lato|900|||||||&#8220; header_font_size=&#8220;45px&#8220; header_font_size_tablet=&#8220;46px&#8220; header_font_size_last_edited=&#8220;on|tablet&#8220; header_letter_spacing=&#8220;2px&#8220; header_line_height=&#8220;1.2em&#8220; header_text_shadow_style=&#8220;preset3&#8243; custom_margin=&#8220;||40px|&#8220; animation_style=&#8220;fold&#8220;]<\/p>\n<h1>O n\u00e1s<\/h1>\n<p>Zajist\u00edme z\u00e1bavu pro ty nejmen\u0161\u00ed<br \/>\n[\/et_pb_text][\/et_pb_column][et_pb_column type=&#8220;1_3&#8243; _builder_version=&#8220;3.0.47&#8243; parallax=&#8220;off&#8220; parallax_method=&#8220;on&#8220;][\/et_pb_column][\/et_pb_row][\/et_pb_section][et_pb_section fb_built=&#8220;1&#8243; background_color=&#8220;rgba(255,255,255,0.03)&#8220; _builder_version=&#8220;3.0.106&#8243; background_position=&#8220;top_center&#8220; custom_margin=&#8220;|||&#8220; custom_padding=&#8220;75px||85px|&#8220;][et_pb_row custom_margin=&#8220;|||&#8220; _builder_version=&#8220;3.0.106&#8243; locked=&#8220;off&#8220;][et_pb_column type=&#8220;2_3&#8243; _builder_version=&#8220;3.0.47&#8243; parallax=&#8220;off&#8220; parallax_method=&#8220;on&#8220;][et_pb_text _builder_version=&#8220;3.0.106&#8243; text_font=&#8220;Lato||||||||&#8220; text_font_size=&#8220;18px&#8220; text_text_color=&#8220;#b2b2b2&#8243; text_line_height=&#8220;2em&#8220; header_font=&#8220;||||||||&#8220; header_2_font=&#8220;Lato|700|||||||&#8220; header_2_font_size=&#8220;42px&#8220; header_2_line_height=&#8220;1.5em&#8220; text_orientation=&#8220;justified&#8220; max_width=&#8220;800px&#8220; module_alignment=&#8220;center&#8220; locked=&#8220;off&#8220;]<\/p>\n<h2 style=\"text-align: left\">Kdo jsme<\/h2>\n<h4 style=\"line-height: 106%;margin: 0cm 0cm 8pt;text-align: justify\"><span style=\"font-size: 18.0pt;line-height: 106%;font-family: 'Calibri','sans-serif'\">\u00a0 \u00a0 <\/span><span style=\"color: #808080\">\u00a0Ji\u017e od roku 1996 se star\u00e1me o z\u00e1bavu v obchodn\u00edch centrech a dlouhodob\u011b jsme jedni\u010dkou na \u010desk\u00e9m trhu. D\u00edky spolupr\u00e1ci s t\u011bmi nejlep\u0161\u00edmi sv\u011btov\u00fdmi dodavateli houpadel m\u016f\u017eeme na\u0161im z\u00e1kazn\u00edk\u016fm nab\u00eddnout kvalitu i \u0159e\u0161en\u00ed, kter\u00e9 je jim \u0161it\u00e9 p\u0159\u00edmo na m\u00edru.<br \/>\n<\/span><span style=\"color: #808080\"><br \/>\n<\/span>\u00a0 \u00a0 \u00a0 \u00a0<span style=\"color: #808080\">A nejsou to pouze houpadla. Na\u0161\u00ed specializac\u00ed jsou cel\u00e9 z\u00e1bavn\u00ed ostr\u016fvky a koutky, kter\u00e9 rozz\u00e1\u0159\u00ed o\u010di nejmlad\u0161\u00edch p\u0159i ka\u017ed\u00e9 n\u00e1v\u0161t\u011bv\u011b. Pr\u00e1v\u011b technick\u00e1 \u0159e\u0161en\u00ed na kl\u00ed\u010d jsou d\u016fvodem, pro\u010d se k n\u00e1m z\u00e1kazn\u00edci st\u00e1le vracej\u00ed a pro\u010d se v obchodn\u00edch centrech rodi\u010de s d\u011btmi nikdy nenud\u00ed.<\/span><\/h4>\n<h4><span style=\"color: #808080\">\u00a0 \u00a0 \u00a0 \u00a0V na\u0161em t\u00fdmu naleznete nejen zku\u0161en\u00e9 techniky a mana\u017eery, ale tak\u00e9 architekty a design\u00e9ry, kte\u0159\u00ed v\u00e1s realizac\u00ed va\u0161eho projektu provedou od za\u010d\u00e1tku a\u017e do konce. Na\u0161e houpadla jsou origin\u00e1ln\u00ed s modern\u00edm designem, provozem ov\u011b\u0159en\u00e1 a bezpe\u010dn\u00e1!<br \/>\n<\/span><\/h4>\n<h4><span style=\"color: #808080\"><br \/>\nA\u0165 u\u017e jste mal\u00e9 centrum nebo metropolitn\u00ed multiplex, m\u00e1me p\u0159esn\u011b to, co pot\u0159ebujete! \u017de by to mohl \u0159\u00edci ka\u017ed\u00fd? Ano, ale my nejsme jako jin\u00ed. Houpadla, kter\u00e1 provozujeme posb\u00edrala des\u00edtky presti\u017en\u00edch ocen\u011bn\u00ed na odborn\u00fdch veletrz\u00edch IAAPA. <\/span><\/h4>\n<h4><span style=\"color: #808080\"><br \/>\nA co v\u00edc? Stoj\u00ed za n\u00e1mi stovky spokojen\u00fdch z\u00e1kazn\u00edk\u016f, z nich\u017e n\u011bkte\u0159\u00ed jsou s n\u00e1mi po celou dobu na\u0161\u00ed houpadlov\u00e9 j\u00edzdy.<\/span><\/h4>\n<p>[\/et_pb_text][\/et_pb_column][et_pb_column type=&#8220;1_3&#8243; _builder_version=&#8220;3.0.47&#8243; parallax=&#8220;off&#8220; parallax_method=&#8220;on&#8220;][et_pb_image src=&#8220;http:\/\/houpadla.thimble.cz\/subdom\/houpadla\/wp-content\/uploads\/2018\/12\/MG_9806F.jpg&#8220; force_fullwidth=&#8220;on&#8220; always_center_on_mobile=&#8220;off&#8220; _builder_version=&#8220;3.0.106&#8243; custom_margin=&#8220;70px|||&#8220; custom_margin_tablet=&#8220;0px|||&#8220; custom_margin_last_edited=&#8220;on|phone&#8220; animation_style=&#8220;slide&#8220; animation_direction=&#8220;top&#8220; animation_duration=&#8220;1500ms&#8220; animation_intensity_slide=&#8220;6%&#8220; animation_starting_opacity=&#8220;100%&#8220; locked=&#8220;off&#8220;][\/et_pb_image][\/et_pb_column][\/et_pb_row][et_pb_row custom_padding=&#8220;|||&#8220; custom_margin=&#8220;|||&#8220; _builder_version=&#8220;3.0.106&#8243; module_alignment=&#8220;center&#8220; locked=&#8220;off&#8220;][et_pb_column type=&#8220;1_2&#8243; _builder_version=&#8220;3.0.47&#8243; parallax=&#8220;off&#8220; parallax_method=&#8220;on&#8220;][et_pb_text _builder_version=&#8220;3.0.106&#8243; text_font=&#8220;Lato||||||||&#8220; text_font_size=&#8220;18px&#8220; text_text_color=&#8220;#b2b2b2&#8243; text_line_height=&#8220;2em&#8220; header_font=&#8220;||||||||&#8220; header_2_font=&#8220;Lato|700|||||||&#8220; header_2_font_size=&#8220;42px&#8220; header_2_line_height=&#8220;1.5em&#8220; max_width=&#8220;800px&#8220; module_alignment=&#8220;center&#8220; custom_margin=&#8220;|||&#8220; custom_padding=&#8220;|||&#8220; locked=&#8220;off&#8220;]<\/p>\n<h2 style=\"text-align: left\">Jak pracujeme<\/h2>\n<p>[\/et_pb_text][\/et_pb_column][et_pb_column type=&#8220;1_2&#8243; _builder_version=&#8220;3.0.47&#8243; parallax=&#8220;off&#8220; parallax_method=&#8220;on&#8220;][\/et_pb_column][\/et_pb_row][et_pb_row custom_margin=&#8220;-100px|||&#8220; _builder_version=&#8220;3.0.106&#8243;][et_pb_column type=&#8220;4_4&#8243; _builder_version=&#8220;3.0.47&#8243; parallax=&#8220;off&#8220; parallax_method=&#8220;on&#8220;][et_pb_image src=&#8220;https:\/\/www.houpadla.cz\/wp-content\/uploads\/2019\/03\/grafika2.jpg&#8220; _builder_version=&#8220;3.0.106&#8243;][\/et_pb_image][\/et_pb_column][\/et_pb_row][et_pb_row custom_margin=&#8220;50px|||&#8220; _builder_version=&#8220;3.0.106&#8243;][et_pb_column type=&#8220;4_4&#8243; _builder_version=&#8220;3.0.47&#8243; parallax=&#8220;off&#8220; parallax_method=&#8220;on&#8220;][et_pb_text _builder_version=&#8220;3.0.106&#8243;]<\/p>\n<h3><span style=\"color: #ff6600\"><a style=\"color: #ff6600\" href=\"http:\/\/houpadla.thimble.cz\/vizualizace-a-realizace\/\"><strong>P\u0159idejte se k n\u00e1m a poj\u010fme spole\u010dn\u011b plnit d\u011btsk\u00e9 sny.<\/strong><\/a><\/span><\/h3>\n<p>[\/et_pb_text][\/et_pb_column][\/et_pb_row][et_pb_row custom_margin=&#8220;50px|||&#8220; _builder_version=&#8220;3.0.106&#8243;][et_pb_column type=&#8220;4_4&#8243; _builder_version=&#8220;3.0.47&#8243; parallax=&#8220;off&#8220; parallax_method=&#8220;on&#8220;][et_pb_text _builder_version=&#8220;3.0.106&#8243; text_font=&#8220;Lato||||||||&#8220; text_font_size=&#8220;18px&#8220; text_text_color=&#8220;#898f99&#8243; text_line_height=&#8220;2em&#8220; header_font=&#8220;||||||||&#8220; header_2_font=&#8220;Lato|700|||||||&#8220; header_2_font_size=&#8220;42px&#8220; header_2_line_height=&#8220;1.5em&#8220; text_orientation=&#8220;center&#8220; module_alignment=&#8220;center&#8220; locked=&#8220;off&#8220;]<\/p>\n<h2 style=\"text-align: left\">Prohl\u00e9dn\u011bte si video<\/h2>\n<p>[\/et_pb_text][et_pb_video src=&#8220;https:\/\/www.houpadla.cz\/wp-content\/uploads\/2019\/03\/houp.mp4&#8243; image_src=&#8220;http:\/\/houpadla.thimble.cz\/wp-content\/uploads\/2018\/12\/MG_9905F.jpg&#8220; play_icon_color=&#8220;#ffffff&#8220; _builder_version=&#8220;3.0.106&#8243;][\/et_pb_video][et_pb_text _builder_version=&#8220;3.0.106&#8243;]<span style=\"text-decoration: underline\"><a href=\"https:\/\/www.houpadla.cz\/english-video\/\"><strong>Video &#8211; English version<\/strong><\/a><\/span><br \/>\n[\/et_pb_text][\/et_pb_column][\/et_pb_row][\/et_pb_section][et_pb_section fb_built=&#8220;1&#8243; admin_label=&#8220;Hero section&#8220; _builder_version=&#8220;3.0.106&#8243; use_background_color_gradient=&#8220;on&#8220; background_color_gradient_start=&#8220;rgba(150,105,97,0.67)&#8220; background_color_gradient_end=&#8220;rgba(2,0,76,0.84)&#8220; background_color_gradient_overlays_image=&#8220;on&#8220; background_image=&#8220;http:\/\/houpadla.thimble.cz\/subdom\/houpadla\/wp-content\/uploads\/2018\/12\/MG_9904F.jpg&#8220; custom_margin=&#8220;|||&#8220; custom_padding=&#8220;0||84px|&#8220; global_module=&#8220;398&#8243; saved_tabs=&#8220;all&#8220;][et_pb_row custom_padding=&#8220;106px|0px|27px|0px&#8220; custom_margin=&#8220;|||&#8220; _builder_version=&#8220;3.0.106&#8243;][et_pb_column type=&#8220;4_4&#8243; _builder_version=&#8220;3.0.47&#8243; parallax=&#8220;off&#8220; parallax_method=&#8220;on&#8220;][et_pb_cta button_url=&#8220;https:\/\/www.houpadla.cz\/kontakt&#8220; button_text=&#8220;Kontaktujte n\u00e1s&#8220; use_background_color=&#8220;off&#8220; _builder_version=&#8220;3.0.106&#8243; header_font=&#8220;Lato|900||on|||||&#8220; header_font_size=&#8220;48px&#8220; header_font_size_tablet=&#8220;40px&#8220; header_font_size_last_edited=&#8220;on|tablet&#8220; header_letter_spacing=&#8220;2px&#8220; header_line_height=&#8220;1.2em&#8220; header_text_shadow_style=&#8220;preset1&#8243; header_text_shadow_blur_strength=&#8220;0.6em&#8220; header_text_shadow_color=&#8220;rgba(0,0,0,0.24)&#8220; body_font=&#8220;Lato||||||||&#8220; body_font_size=&#8220;20px&#8220; body_line_height=&#8220;1.8em&#8220; max_width=&#8220;750px&#8220; module_alignment=&#8220;center&#8220; custom_button=&#8220;on&#8220; button_text_size=&#8220;16px&#8220; button_text_color=&#8220;#ffffff&#8220; button_bg_color=&#8220;#fa7f28&#8243; button_border_width=&#8220;6px&#8220; button_border_color=&#8220;#fa7f28&#8243; button_border_radius=&#8220;5px&#8220; button_letter_spacing=&#8220;2px&#8220; button_font=&#8220;Lato|900||on|||||&#8220; button_letter_spacing_hover=&#8220;2px&#8220; box_shadow_style_button=&#8220;preset3&#8243; box_shadow_blur_button=&#8220;30px&#8220; box_shadow_spread_button=&#8220;8px&#8220; box_shadow_color_button=&#8220;rgba(250,127,40,0.15)&#8220;][\/et_pb_cta][\/et_pb_column][\/et_pb_row][\/et_pb_section]<\/p>\n","protected":false},"excerpt":{"rendered":"<p>[et_pb_section fb_built=&#8220;1&#8243; admin_label=&#8220;Hero section&#8220; _builder_version=&#8220;3.0.106&#8243; use_background_color_gradient=&#8220;on&#8220; background_color_gradient_start=&#8220;rgba(150,105,97,0.67)&#8220; background_color_gradient_end=&#8220;rgba(2,0,76,0.84)&#8220; background_color_gradient_overlays_image=&#8220;on&#8220; background_image=&#8220;http:\/\/houpadla.thimble.cz\/subdom\/houpadla\/wp-content\/uploads\/2019\/01\/15.jpg&#8220; custom_margin=&#8220;|||&#8220; custom_padding=&#8220;2.8%||0.8%|&#8220;][et_pb_row custom_margin=&#8220;|||&#8220; padding_top_1=&#8220;1px&#8220; _builder_version=&#8220;3.0.106&#8243;][et_pb_column type=&#8220;2_3&#8243; _builder_version=&#8220;3.0.47&#8243; padding_top=&#8220;1px&#8220; parallax=&#8220;off&#8220; parallax_method=&#8220;on&#8220;][et_pb_text background_layout=&#8220;dark&#8220; _builder_version=&#8220;3.0.106&#8243; text_font=&#8220;Lato||||||||&#8220; text_font_size=&#8220;20px&#8220; text_line_height=&#8220;1.8em&#8220; header_font=&#8220;Lato|900|||||||&#8220; header_font_size=&#8220;45px&#8220; header_font_size_tablet=&#8220;46px&#8220; header_font_size_last_edited=&#8220;on|tablet&#8220; header_letter_spacing=&#8220;2px&#8220; header_line_height=&#8220;1.2em&#8220; header_text_shadow_style=&#8220;preset3&#8243; custom_margin=&#8220;||40px|&#8220; animation_style=&#8220;fold&#8220;] O n\u00e1s Zajist\u00edme z\u00e1bavu pro ty nejmen\u0161\u00ed [\/et_pb_text][\/et_pb_column][et_pb_column type=&#8220;1_3&#8243; _builder_version=&#8220;3.0.47&#8243; parallax=&#8220;off&#8220; parallax_method=&#8220;on&#8220;][\/et_pb_column][\/et_pb_row][\/et_pb_section][et_pb_section fb_built=&#8220;1&#8243; background_color=&#8220;rgba(255,255,255,0.03)&#8220; _builder_version=&#8220;3.0.106&#8243; background_position=&#8220;top_center&#8220; custom_margin=&#8220;|||&#8220; custom_padding=&#8220;75px||85px|&#8220;][et_pb_row custom_margin=&#8220;|||&#8220; _builder_version=&#8220;3.0.106&#8243; locked=&#8220;off&#8220;][et_pb_column [&hellip;]<\/p>\n","protected":false},"author":3,"featured_media":0,"parent":0,"menu_order":0,"comment_status":"closed","ping_status":"closed","template":"","meta":{"footnotes":""},"class_list":["post-36","page","type-page","status-publish","hentry"],"_links":{"self":[{"href":"https:\/\/houpadla.cz\/en\/wp-json\/wp\/v2\/pages\/36","targetHints":{"allow":["GET"]}}],"collection":[{"href":"https:\/\/houpadla.cz\/en\/wp-json\/wp\/v2\/pages"}],"about":[{"href":"https:\/\/houpadla.cz\/en\/wp-json\/wp\/v2\/types\/page"}],"author":[{"embeddable":true,"href":"https:\/\/houpadla.cz\/en\/wp-json\/wp\/v2\/users\/3"}],"replies":[{"embeddable":true,"href":"https:\/\/houpadla.cz\/en\/wp-json\/wp\/v2\/comments?post=36"}],"version-history":[{"count":0,"href":"https:\/\/houpadla.cz\/en\/wp-json\/wp\/v2\/pages\/36\/revisions"}],"wp:attachment":[{"href":"https:\/\/houpadla.cz\/en\/wp-json\/wp\/v2\/media?parent=36"}],"curies":[{"name":"wp","href":"https:\/\/api.w.org\/{rel}","templated":true}]}}