{"id":120,"date":"2018-05-14T09:32:46","date_gmt":"2018-05-14T07:32:46","guid":{"rendered":"http:\/\/houpadla.thimble.cz\/subdom\/houpadla\/?page_id=120"},"modified":"2018-08-14T13:03:30","modified_gmt":"2018-08-14T11:03:30","slug":"navrhy-nasich-realizaci","status":"publish","type":"page","link":"https:\/\/houpadla.cz\/en\/navrhy-nasich-realizaci\/","title":{"rendered":"N\u00e1vrhy na\u0161ich realizac\u00ed"},"content":{"rendered":"<p>[et_pb_section fb_built=&#8220;1&#8243; admin_label=&#8220;Hero section&#8220; _builder_version=&#8220;3.0.106&#8243; use_background_color_gradient=&#8220;on&#8220; background_color_gradient_start=&#8220;rgba(150,105,97,0.67)&#8220; background_color_gradient_end=&#8220;rgba(2,0,76,0.84)&#8220; background_color_gradient_overlays_image=&#8220;on&#8220; background_image=&#8220;http:\/\/houpadla.thimble.cz\/subdom\/houpadla\/wp-content\/uploads\/2018\/08\/real-estate-13-1.jpg&#8220; background_position=&#8220;top_center&#8220; custom_margin=&#8220;|||&#8220; custom_padding=&#8220;5%||5%|&#8220;][et_pb_row custom_margin=&#8220;|||&#8220; padding_top_1=&#8220;1px&#8220; _builder_version=&#8220;3.0.106&#8243;][et_pb_column type=&#8220;2_3&#8243; _builder_version=&#8220;3.0.47&#8243; padding_top=&#8220;1px&#8220; parallax=&#8220;off&#8220; parallax_method=&#8220;on&#8220;][et_pb_text background_layout=&#8220;dark&#8220; _builder_version=&#8220;3.0.106&#8243; text_font=&#8220;Lato||||||||&#8220; text_font_size=&#8220;20px&#8220; text_line_height=&#8220;1.8em&#8220; header_font=&#8220;Lato|900|||||||&#8220; header_font_size=&#8220;45px&#8220; header_font_size_tablet=&#8220;46px&#8220; header_font_size_last_edited=&#8220;on|tablet&#8220; header_letter_spacing=&#8220;2px&#8220; header_line_height=&#8220;1.2em&#8220; animation_style=&#8220;fold&#8220;]<\/p>\n<h1>N\u00e1vrhy na\u0161ich realizac\u00ed<\/h1>\n<p>R\u00e1di V\u00e1m pom\u016f\u017eeme se zakomponov\u00e1n\u00edm houpadel do Va\u0161ich prostor\u016f.<\/p>\n<p>[\/et_pb_text][\/et_pb_column][et_pb_column type=&#8220;1_3&#8243; _builder_version=&#8220;3.0.47&#8243; parallax=&#8220;off&#8220; parallax_method=&#8220;on&#8220;][\/et_pb_column][\/et_pb_row][\/et_pb_section][et_pb_section fb_built=&#8220;1&#8243; admin_label=&#8220;Team&#8220; _builder_version=&#8220;3.0.106&#8243; custom_margin=&#8220;|||&#8220; custom_padding=&#8220;54px|0px|100px|0px&#8220;][et_pb_row use_custom_width=&#8220;on&#8220; custom_width_px=&#8220;1280px&#8220; use_custom_gutter=&#8220;on&#8220; gutter_width=&#8220;3&#8243; custom_padding=&#8220;|||&#8220; custom_margin=&#8220;|||&#8220; _builder_version=&#8220;3.0.84&#8243;][et_pb_column type=&#8220;4_4&#8243; _builder_version=&#8220;3.0.47&#8243; parallax=&#8220;off&#8220; parallax_method=&#8220;on&#8220;][et_pb_gallery gallery_ids=&#8220;111,110,109,85,31&#8243; gallery_captions=&#8220;,,,,&#8220; posts_number=&#8220;100&#8243; show_title_and_caption=&#8220;off&#8220; show_pagination=&#8220;off&#8220; zoom_icon_color=&#8220;#fa7f28&#8243; hover_overlay_color=&#8220;rgba(73,163,209,0.26)&#8220; hover_icon=&#8220;%%16%%&#8220; box_shadow_style_image=&#8220;preset1&#8243; box_shadow_blur_image=&#8220;10px&#8220; _builder_version=&#8220;3.0.106&#8243;][\/et_pb_gallery][\/et_pb_column][\/et_pb_row][\/et_pb_section][et_pb_section fb_built=&#8220;1&#8243; admin_label=&#8220;Hero section&#8220; _builder_version=&#8220;3.0.106&#8243; use_background_color_gradient=&#8220;on&#8220; background_color_gradient_start=&#8220;rgba(150,105,97,0.67)&#8220; background_color_gradient_end=&#8220;rgba(2,0,76,0.84)&#8220; background_color_gradient_overlays_image=&#8220;on&#8220; background_image=&#8220;http:\/\/houpadla.thimble.cz\/subdom\/houpadla\/wp-content\/uploads\/2018\/05\/real-estate-06.jpg&#8220; background_position=&#8220;top_center&#8220; custom_margin=&#8220;|||&#8220; custom_padding=&#8220;10%||10%|&#8220;][et_pb_row custom_margin=&#8220;|||&#8220; _builder_version=&#8220;3.0.106&#8243;][et_pb_column type=&#8220;4_4&#8243; _builder_version=&#8220;3.0.47&#8243; parallax=&#8220;off&#8220; parallax_method=&#8220;on&#8220;][et_pb_cta title=&#8220;Start Your Search Today&#8220; button_url=&#8220;#&#8220; button_text=&#8220;Find an Agent&#8220; use_background_color=&#8220;off&#8220; _builder_version=&#8220;3.0.106&#8243; header_font=&#8220;Lato|900||on|||||&#8220; header_font_size=&#8220;48px&#8220; header_font_size_tablet=&#8220;40px&#8220; header_font_size_last_edited=&#8220;on|tablet&#8220; header_letter_spacing=&#8220;2px&#8220; header_line_height=&#8220;1.2em&#8220; header_text_shadow_style=&#8220;preset1&#8243; header_text_shadow_blur_strength=&#8220;0.6em&#8220; header_text_shadow_color=&#8220;rgba(0,0,0,0.24)&#8220; body_font=&#8220;Lato||||||||&#8220; body_font_size=&#8220;20px&#8220; body_line_height=&#8220;1.8em&#8220; max_width=&#8220;750px&#8220; module_alignment=&#8220;center&#8220; custom_button=&#8220;on&#8220; button_text_size=&#8220;16px&#8220; button_text_color=&#8220;#ffffff&#8220; button_bg_color=&#8220;#fa7f28&#8243; button_border_width=&#8220;6px&#8220; button_border_color=&#8220;#fa7f28&#8243; button_border_radius=&#8220;5px&#8220; button_letter_spacing=&#8220;2px&#8220; button_font=&#8220;Lato|900||on|||||&#8220; button_letter_spacing_hover=&#8220;2px&#8220; box_shadow_style_button=&#8220;preset3&#8243; box_shadow_blur_button=&#8220;30px&#8220; box_shadow_spread_button=&#8220;8px&#8220; box_shadow_color_button=&#8220;rgba(250,127,40,0.15)&#8220; animation_style=&#8220;fold&#8220;] Lorem ipsum dolor sit amet, consectetur adipiscing elit. Phasellus lacinia velit a feugiat finibus. Morbi iaculis diam id tellus iaculis, eu pretium metus fermentu [\/et_pb_cta][\/et_pb_column][\/et_pb_row][\/et_pb_section]<\/p>\n","protected":false},"excerpt":{"rendered":"<p>[et_pb_section fb_built=&#8220;1&#8243; admin_label=&#8220;Hero section&#8220; _builder_version=&#8220;3.0.106&#8243; use_background_color_gradient=&#8220;on&#8220; background_color_gradient_start=&#8220;rgba(150,105,97,0.67)&#8220; background_color_gradient_end=&#8220;rgba(2,0,76,0.84)&#8220; background_color_gradient_overlays_image=&#8220;on&#8220; background_image=&#8220;http:\/\/houpadla.thimble.cz\/subdom\/houpadla\/wp-content\/uploads\/2018\/08\/real-estate-13-1.jpg&#8220; background_position=&#8220;top_center&#8220; custom_margin=&#8220;|||&#8220; custom_padding=&#8220;5%||5%|&#8220;][et_pb_row custom_margin=&#8220;|||&#8220; padding_top_1=&#8220;1px&#8220; _builder_version=&#8220;3.0.106&#8243;][et_pb_column type=&#8220;2_3&#8243; _builder_version=&#8220;3.0.47&#8243; padding_top=&#8220;1px&#8220; parallax=&#8220;off&#8220; parallax_method=&#8220;on&#8220;][et_pb_text background_layout=&#8220;dark&#8220; _builder_version=&#8220;3.0.106&#8243; text_font=&#8220;Lato||||||||&#8220; text_font_size=&#8220;20px&#8220; text_line_height=&#8220;1.8em&#8220; header_font=&#8220;Lato|900|||||||&#8220; header_font_size=&#8220;45px&#8220; header_font_size_tablet=&#8220;46px&#8220; header_font_size_last_edited=&#8220;on|tablet&#8220; header_letter_spacing=&#8220;2px&#8220; header_line_height=&#8220;1.2em&#8220; animation_style=&#8220;fold&#8220;] N\u00e1vrhy na\u0161ich realizac\u00ed R\u00e1di V\u00e1m pom\u016f\u017eeme se zakomponov\u00e1n\u00edm houpadel do Va\u0161ich prostor\u016f. [\/et_pb_text][\/et_pb_column][et_pb_column type=&#8220;1_3&#8243; _builder_version=&#8220;3.0.47&#8243; parallax=&#8220;off&#8220; parallax_method=&#8220;on&#8220;][\/et_pb_column][\/et_pb_row][\/et_pb_section][et_pb_section fb_built=&#8220;1&#8243; admin_label=&#8220;Team&#8220; _builder_version=&#8220;3.0.106&#8243; custom_margin=&#8220;|||&#8220; custom_padding=&#8220;54px|0px|100px|0px&#8220;][et_pb_row [&hellip;]<\/p>\n","protected":false},"author":3,"featured_media":0,"parent":0,"menu_order":0,"comment_status":"closed","ping_status":"closed","template":"","meta":{"footnotes":""},"class_list":["post-120","page","type-page","status-publish","hentry"],"_links":{"self":[{"href":"https:\/\/houpadla.cz\/en\/wp-json\/wp\/v2\/pages\/120","targetHints":{"allow":["GET"]}}],"collection":[{"href":"https:\/\/houpadla.cz\/en\/wp-json\/wp\/v2\/pages"}],"about":[{"href":"https:\/\/houpadla.cz\/en\/wp-json\/wp\/v2\/types\/page"}],"author":[{"embeddable":true,"href":"https:\/\/houpadla.cz\/en\/wp-json\/wp\/v2\/users\/3"}],"replies":[{"embeddable":true,"href":"https:\/\/houpadla.cz\/en\/wp-json\/wp\/v2\/comments?post=120"}],"version-history":[{"count":0,"href":"https:\/\/houpadla.cz\/en\/wp-json\/wp\/v2\/pages\/120\/revisions"}],"wp:attachment":[{"href":"https:\/\/houpadla.cz\/en\/wp-json\/wp\/v2\/media?parent=120"}],"curies":[{"name":"wp","href":"https:\/\/api.w.org\/{rel}","templated":true}]}}