{"id":1112,"date":"2019-03-10T18:23:13","date_gmt":"2019-03-10T17:23:13","guid":{"rendered":"http:\/\/houpadla.thimble.cz\/?page_id=1112"},"modified":"2026-01-07T01:07:15","modified_gmt":"2026-01-07T00:07:15","slug":"ostatni","status":"publish","type":"page","link":"https:\/\/houpadla.cz\/en\/nabidka-houpadel\/ostatni\/","title":{"rendered":"Other"},"content":{"rendered":"<p>[et_pb_section fb_built=&#8220;1&#8243; _builder_version=&#8220;3.0.106&#8243;][et_pb_row _builder_version=&#8220;3.0.106&#8243;][et_pb_column type=&#8220;4_4&#8243; _builder_version=&#8220;3.0.47&#8243; parallax=&#8220;off&#8220; parallax_method=&#8220;on&#8220;][et_pb_text _builder_version=&#8220;3.0.106&#8243;]<\/p>\n<h2 style=\"text-align: center\">Ostatn\u00ed<\/h2>\n<p>[\/et_pb_text][\/et_pb_column][\/et_pb_row][et_pb_row _builder_version=&#8220;3.0.47&#8243; background_size=&#8220;initial&#8220; background_position=&#8220;top_left&#8220; background_repeat=&#8220;repeat&#8220;][et_pb_column type=&#8220;1_4&#8243; _builder_version=&#8220;3.0.47&#8243; parallax=&#8220;off&#8220; parallax_method=&#8220;on&#8220;][et_pb_image src=&#8220;https:\/\/www.houpadla.cz\/wp-content\/uploads\/2019\/11\/explorer.jpg&#8220; show_in_lightbox=&#8220;on&#8220; align=&#8220;center&#8220; _builder_version=&#8220;3.0.106&#8243;][\/et_pb_image][\/et_pb_column][et_pb_column type=&#8220;1_4&#8243; _builder_version=&#8220;3.0.47&#8243; parallax=&#8220;off&#8220; parallax_method=&#8220;on&#8220;][et_pb_text _builder_version=&#8220;3.0.106&#8243; header_font=&#8220;||||||||&#8220; header_3_font=&#8220;|700||||on|||&#8220; header_3_text_color=&#8220;#fa7f28&#8243;]<\/p>\n<h3 style=\"text-align: left\"><strong>Deep Explorer<\/strong><\/h3>\n<h3 style=\"text-align: left\"><strong style=\"font-size: 14px;color: #666666\">Popis:<\/strong><\/h3>\n<div id=\"imCell_44\">\n<div id=\"imCellStyle_44\">\n<div id=\"imTextObject_44\">\n<div id=\"imTextObject_44_tab0\" class=\"text-tab-content\">\n<div class=\"text-inner\">\n<div id=\"imCell_55\">\n<div id=\"imCellStyle_55\">\n<div id=\"imTextObject_55\">\n<div id=\"imTextObject_55_tab0\" class=\"text-tab-content\">\n<div class=\"text-inner\">\n<div id=\"imCell_180\">d160xv172x\u016185cm-145kg<\/div>\n<div id=\"imCell_79\"><span style=\"font-size: 14px\">\u00a0<\/span><\/div>\n<\/div>\n<\/div>\n<\/div>\n<\/div>\n<\/div>\n<\/div>\n<\/div>\n<\/div>\n<\/div>\n<\/div>\n<p>[\/et_pb_text][et_pb_image src=&#8220;https:\/\/www.houpadla.cz\/wp-content\/uploads\/2019\/03\/YT.jpg&#8220; url=&#8220;https:\/\/www.youtube.com\/watch?v=_OaiSRTm9Kk&amp;feature=emb_logo&#8220; url_new_window=&#8220;on&#8220; align=&#8220;center&#8220; _builder_version=&#8220;3.0.106&#8243; custom_margin=&#8220;|||&#8220; custom_padding=&#8220;-20|||90px&#8220;][\/et_pb_image][\/et_pb_column][et_pb_column type=&#8220;1_4&#8243; _builder_version=&#8220;3.0.47&#8243; parallax=&#8220;off&#8220; parallax_method=&#8220;on&#8220;][et_pb_image _builder_version=&#8220;3.0.106&#8243;][\/et_pb_image][et_pb_image src=&#8220;http:\/\/houpadla.cz\/wp-content\/uploads\/2019\/03\/DSCF2806.jpg&#8220; show_in_lightbox=&#8220;on&#8220; align=&#8220;center&#8220; _builder_version=&#8220;3.0.106&#8243; custom_margin=&#8220;-30px|||&#8220;][\/et_pb_image][\/et_pb_column][et_pb_column type=&#8220;1_4&#8243; _builder_version=&#8220;3.0.47&#8243; parallax=&#8220;off&#8220; parallax_method=&#8220;on&#8220;][et_pb_text _builder_version=&#8220;3.0.106&#8243; header_font=&#8220;||||||||&#8220; header_3_font=&#8220;|700||||on|||&#8220; header_3_text_color=&#8220;#fa7f28&#8243;]<\/p>\n<h3 style=\"text-align: left\">Ponorka<\/h3>\n<p><strong>Popis:<\/strong><\/p>\n<p>d140xv200x\u0161140cm-93kg<\/p>\n<div id=\"imCell_13\"><\/div>\n<p>[\/et_pb_text][\/et_pb_column][\/et_pb_row][et_pb_row custom_margin=&#8220;10px|||&#8220; _builder_version=&#8220;3.0.106&#8243; background_size=&#8220;initial&#8220; background_position=&#8220;top_left&#8220; background_repeat=&#8220;repeat&#8220;][et_pb_column type=&#8220;1_4&#8243; _builder_version=&#8220;3.0.47&#8243; parallax=&#8220;off&#8220; parallax_method=&#8220;on&#8220;][et_pb_image src=&#8220;http:\/\/houpadla.cz\/wp-content\/uploads\/2019\/03\/DSCN9871.jpg&#8220; show_in_lightbox=&#8220;on&#8220; align=&#8220;center&#8220; _builder_version=&#8220;3.0.106&#8243;][\/et_pb_image][\/et_pb_column][et_pb_column type=&#8220;1_4&#8243; _builder_version=&#8220;3.0.47&#8243; parallax=&#8220;off&#8220; parallax_method=&#8220;on&#8220;][et_pb_text _builder_version=&#8220;3.0.106&#8243; header_font=&#8220;||||||||&#8220; header_3_font=&#8220;|700||||on|||&#8220; header_3_text_color=&#8220;#fa7f28&#8243;]<\/p>\n<h3 style=\"text-align: left\"><strong>Letadlo<\/strong><\/h3>\n<h3 style=\"text-align: left\"><strong style=\"font-size: 14px;color: #666666\">Popis:<\/strong><\/h3>\n<div id=\"imCell_44\">\n<div id=\"imCellStyle_44\">\n<div id=\"imTextObject_44\">\n<div id=\"imTextObject_44_tab0\" class=\"text-tab-content\">\n<div class=\"text-inner\">\n<div id=\"imCell_55\">\n<div id=\"imCellStyle_55\">\n<div id=\"imTextObject_55\">\n<div id=\"imTextObject_55_tab0\" class=\"text-tab-content\">\n<div class=\"text-inner\">\n<div id=\"imCell_180\">d160xv110x\u0161120cm-100kg<\/div>\n<div id=\"imCell_79\"><span style=\"font-size: 14px\">\u00a0<\/span><\/div>\n<\/div>\n<\/div>\n<\/div>\n<\/div>\n<\/div>\n<\/div>\n<\/div>\n<\/div>\n<\/div>\n<\/div>\n<p>[\/et_pb_text][\/et_pb_column][et_pb_column type=&#8220;1_4&#8243; _builder_version=&#8220;3.0.47&#8243; parallax=&#8220;off&#8220; parallax_method=&#8220;on&#8220;][et_pb_image src=&#8220;http:\/\/houpadla.cz\/wp-content\/uploads\/2019\/03\/MG_0039Fv.jpg&#8220; show_in_lightbox=&#8220;on&#8220; align=&#8220;center&#8220; _builder_version=&#8220;3.0.106&#8243;][\/et_pb_image][\/et_pb_column][et_pb_column type=&#8220;1_4&#8243; _builder_version=&#8220;3.0.47&#8243; parallax=&#8220;off&#8220; parallax_method=&#8220;on&#8220;][et_pb_text _builder_version=&#8220;3.0.106&#8243; header_font=&#8220;||||||||&#8220; header_3_font=&#8220;|700||||on|||&#8220; header_3_text_color=&#8220;#fa7f28&#8243;]<\/p>\n<h3 style=\"text-align: left\"><strong>Letadlo Sky<\/strong><\/h3>\n<h3 style=\"text-align: left\"><strong style=\"font-size: 14px;color: #666666\">Popis:<\/strong><\/h3>\n<div id=\"imCell_44\">\n<div id=\"imCellStyle_44\">\n<div id=\"imTextObject_44\">\n<div id=\"imTextObject_44_tab0\" class=\"text-tab-content\">\n<div class=\"text-inner\">\n<div id=\"imCell_55\">\n<div id=\"imCellStyle_55\">\n<div id=\"imTextObject_55\">\n<div id=\"imTextObject_55_tab0\" class=\"text-tab-content\">\n<div class=\"text-inner\">\n<div id=\"imCell_79\">\n<div id=\"imCell_13\">\n<div id=\"imCellStyle_13\">\n<div id=\"imTextObject_13\">\n<div id=\"imTextObject_13_tab0\" class=\"text-tab-content\">\n<div class=\"text-inner\">\n<p>d160xv110x\u016190cm-90kg<\/p>\n<\/div>\n<\/div>\n<\/div>\n<\/div>\n<\/div>\n<\/div>\n<\/div>\n<\/div>\n<\/div>\n<\/div>\n<\/div>\n<\/div>\n<\/div>\n<\/div>\n<\/div>\n<\/div>\n<p>[\/et_pb_text][\/et_pb_column][\/et_pb_row][et_pb_row custom_margin=&#8220;15px|||&#8220; _builder_version=&#8220;3.0.106&#8243;][et_pb_column type=&#8220;1_4&#8243; _builder_version=&#8220;3.0.106&#8243; parallax=&#8220;off&#8220; parallax_method=&#8220;on&#8220;][et_pb_image src=&#8220;https:\/\/www.houpadla.cz\/wp-content\/uploads\/2025\/09\/ponorkaNautilusV.jpg&#8220; show_in_lightbox=&#8220;on&#8220; _builder_version=&#8220;3.0.106&#8243;][\/et_pb_image][\/et_pb_column][et_pb_column type=&#8220;1_4&#8243; _builder_version=&#8220;3.0.106&#8243; parallax=&#8220;off&#8220; parallax_method=&#8220;on&#8220;][et_pb_text _builder_version=&#8220;3.0.106&#8243; header_font=&#8220;||||||||&#8220; header_3_font=&#8220;|700||||on|||&#8220; header_3_text_color=&#8220;#fa7f28&#8243;]<\/p>\n<h3 style=\"text-align: left\">Ponorka Nautilus velk\u00e1<\/h3>\n<h3 style=\"text-align: left\"><strong style=\"font-size: 14px;color: #666666\">Popis:<\/strong><\/h3>\n<div id=\"imCell_44\">\n<div id=\"imCellStyle_44\">\n<div id=\"imTextObject_44\">\n<div id=\"imTextObject_44_tab0\" class=\"text-tab-content\">\n<div class=\"text-inner\">\n<div id=\"imCell_55\">\n<div id=\"imCellStyle_55\">\n<div id=\"imTextObject_55\">\n<div id=\"imTextObject_55_tab0\" class=\"text-tab-content\">\n<div class=\"text-inner\">\n<div id=\"imCell_180\">d225xv230x\u0161144cm-350kg<\/div>\n<div id=\"imCell_79\"><span style=\"font-size: 14px\">\u00a0<\/span><\/div>\n<\/div>\n<\/div>\n<\/div>\n<\/div>\n<\/div>\n<\/div>\n<\/div>\n<\/div>\n<\/div>\n<\/div>\n<p>[\/et_pb_text][\/et_pb_column][et_pb_column type=&#8220;1_4&#8243; _builder_version=&#8220;3.0.106&#8243; parallax=&#8220;off&#8220; parallax_method=&#8220;on&#8220;][et_pb_image src=&#8220;https:\/\/www.houpadla.cz\/wp-content\/uploads\/2023\/12\/srdicka.jpg&#8220; show_in_lightbox=&#8220;on&#8220; _builder_version=&#8220;3.0.106&#8243; max_width=&#8220;70%&#8220;][\/et_pb_image][\/et_pb_column][et_pb_column type=&#8220;1_4&#8243; _builder_version=&#8220;3.0.106&#8243; parallax=&#8220;off&#8220; parallax_method=&#8220;on&#8220;][et_pb_text _builder_version=&#8220;3.0.106&#8243; header_font=&#8220;||||||||&#8220; header_3_font=&#8220;|700||||on|||&#8220; header_3_text_color=&#8220;#fa7f28&#8243;]<\/p>\n<h3 style=\"text-align: left\"><strong>Srd\u00ed\u010dka\u00a0<\/strong><\/h3>\n<h3 style=\"text-align: left\"><strong style=\"font-size: 14px;color: #666666\">Popis:<\/strong><\/h3>\n<div id=\"imCell_44\">\n<div id=\"imCellStyle_44\">\n<div id=\"imTextObject_44\">\n<div id=\"imTextObject_44_tab0\" class=\"text-tab-content\">\n<div class=\"text-inner\">\n<div id=\"imCell_55\">\n<div id=\"imCellStyle_55\">\n<div id=\"imTextObject_55\">\n<div id=\"imTextObject_55_tab0\" class=\"text-tab-content\">\n<div class=\"text-inner\">\n<div id=\"imCell_180\">v155x\u016170cm-30kg<\/div>\n<div id=\"imCell_79\"><span style=\"font-size: 14px\">\u00a0<\/span><\/div>\n<\/div>\n<\/div>\n<\/div>\n<\/div>\n<\/div>\n<\/div>\n<\/div>\n<\/div>\n<\/div>\n<\/div>\n<p>[\/et_pb_text][\/et_pb_column][\/et_pb_row][et_pb_row custom_margin=&#8220;20px|||&#8220; _builder_version=&#8220;3.0.106&#8243;][et_pb_column type=&#8220;1_4&#8243; _builder_version=&#8220;3.0.106&#8243; parallax=&#8220;off&#8220; parallax_method=&#8220;on&#8220;][et_pb_image src=&#8220;http:\/\/houpadla.cz\/wp-content\/uploads\/2019\/03\/DSCF2884v.jpg&#8220; show_in_lightbox=&#8220;on&#8220; align=&#8220;center&#8220; _builder_version=&#8220;3.0.106&#8243;][\/et_pb_image][\/et_pb_column][et_pb_column type=&#8220;1_4&#8243; _builder_version=&#8220;3.0.106&#8243; parallax=&#8220;off&#8220; parallax_method=&#8220;on&#8220;][et_pb_text _builder_version=&#8220;3.0.106&#8243; header_font=&#8220;||||||||&#8220; header_3_font=&#8220;|700||||on|||&#8220; header_3_text_color=&#8220;#fa7f28&#8243;]<\/p>\n<h3 style=\"text-align: left\"><strong>D\u011btsk\u00fd koutek<\/strong><\/h3>\n<h3 style=\"text-align: left\"><strong style=\"font-size: 14px;color: #666666\">Popis:<\/strong><\/h3>\n<div id=\"imCell_44\">\n<div id=\"imCellStyle_44\">\n<div id=\"imTextObject_44\">\n<div id=\"imTextObject_44_tab0\" class=\"text-tab-content\">\n<div class=\"text-inner\">\n<div id=\"imCell_55\">\n<div id=\"imCellStyle_55\">\n<div id=\"imTextObject_55\">\n<div id=\"imTextObject_55_tab0\" class=\"text-tab-content\">\n<div class=\"text-inner\">\n<div id=\"imCell_180\">Rozm\u011bry jsou p\u0159izp\u016fsobeny<\/div>\n<div>m\u00edstu.<\/div>\n<div id=\"imCell_79\"><span style=\"font-size: 14px\">\u00a0<\/span><\/div>\n<\/div>\n<\/div>\n<\/div>\n<\/div>\n<\/div>\n<\/div>\n<\/div>\n<\/div>\n<\/div>\n<\/div>\n<p>[\/et_pb_text][\/et_pb_column][et_pb_column type=&#8220;1_4&#8243; _builder_version=&#8220;3.0.106&#8243; parallax=&#8220;off&#8220; parallax_method=&#8220;on&#8220;][et_pb_image src=&#8220;http:\/\/houpadla.cz\/wp-content\/uploads\/2019\/03\/DSCF2787.jpg&#8220; show_in_lightbox=&#8220;on&#8220; align=&#8220;center&#8220; _builder_version=&#8220;3.0.106&#8243;][\/et_pb_image][\/et_pb_column][et_pb_column type=&#8220;1_4&#8243; _builder_version=&#8220;3.0.106&#8243; parallax=&#8220;off&#8220; parallax_method=&#8220;on&#8220;][et_pb_text _builder_version=&#8220;3.0.106&#8243; header_font=&#8220;||||||||&#8220; header_3_font=&#8220;|700||||on|||&#8220; header_3_text_color=&#8220;#fa7f28&#8243;]<\/p>\n<h3 style=\"text-align: left\">Lo\u010f pir\u00e1tsk\u00e1<\/h3>\n<p><strong>Popis:<\/strong><\/p>\n<p>d160xv168x\u016180cm-110kg<\/p>\n<p>[\/et_pb_text][et_pb_image src=&#8220;https:\/\/www.houpadla.cz\/wp-content\/uploads\/2019\/03\/YT.jpg&#8220; url=&#8220;https:\/\/www.youtube.com\/watch?v=PPAVd4HN8gE&#8220; url_new_window=&#8220;on&#8220; _builder_version=&#8220;3.0.106&#8243; custom_padding=&#8220;|||90px&#8220;][\/et_pb_image][\/et_pb_column][\/et_pb_row][\/et_pb_section]<\/p>\n","protected":false},"excerpt":{"rendered":"<p>[et_pb_section fb_built=&#8220;1&#8243; _builder_version=&#8220;3.0.106&#8243;][et_pb_row _builder_version=&#8220;3.0.106&#8243;][et_pb_column type=&#8220;4_4&#8243; _builder_version=&#8220;3.0.47&#8243; parallax=&#8220;off&#8220; parallax_method=&#8220;on&#8220;][et_pb_text _builder_version=&#8220;3.0.106&#8243;] Ostatn\u00ed [\/et_pb_text][\/et_pb_column][\/et_pb_row][et_pb_row _builder_version=&#8220;3.0.47&#8243; background_size=&#8220;initial&#8220; background_position=&#8220;top_left&#8220; background_repeat=&#8220;repeat&#8220;][et_pb_column type=&#8220;1_4&#8243; _builder_version=&#8220;3.0.47&#8243; parallax=&#8220;off&#8220; parallax_method=&#8220;on&#8220;][et_pb_image src=&#8220;https:\/\/www.houpadla.cz\/wp-content\/uploads\/2019\/11\/explorer.jpg&#8220; show_in_lightbox=&#8220;on&#8220; align=&#8220;center&#8220; _builder_version=&#8220;3.0.106&#8243;][\/et_pb_image][\/et_pb_column][et_pb_column type=&#8220;1_4&#8243; _builder_version=&#8220;3.0.47&#8243; parallax=&#8220;off&#8220; parallax_method=&#8220;on&#8220;][et_pb_text _builder_version=&#8220;3.0.106&#8243; header_font=&#8220;||||||||&#8220; header_3_font=&#8220;|700||||on|||&#8220; header_3_text_color=&#8220;#fa7f28&#8243;] Deep Explorer Popis: d160xv172x\u016185cm-145kg \u00a0 [\/et_pb_text][et_pb_image src=&#8220;https:\/\/www.houpadla.cz\/wp-content\/uploads\/2019\/03\/YT.jpg&#8220; url=&#8220;https:\/\/www.youtube.com\/watch?v=_OaiSRTm9Kk&amp;feature=emb_logo&#8220; url_new_window=&#8220;on&#8220; align=&#8220;center&#8220; _builder_version=&#8220;3.0.106&#8243; custom_margin=&#8220;|||&#8220; custom_padding=&#8220;-20|||90px&#8220;][\/et_pb_image][\/et_pb_column][et_pb_column type=&#8220;1_4&#8243; _builder_version=&#8220;3.0.47&#8243; parallax=&#8220;off&#8220; parallax_method=&#8220;on&#8220;][et_pb_image _builder_version=&#8220;3.0.106&#8243;][\/et_pb_image][et_pb_image src=&#8220;http:\/\/houpadla.cz\/wp-content\/uploads\/2019\/03\/DSCF2806.jpg&#8220; show_in_lightbox=&#8220;on&#8220; align=&#8220;center&#8220; _builder_version=&#8220;3.0.106&#8243; custom_margin=&#8220;-30px|||&#8220;][\/et_pb_image][\/et_pb_column][et_pb_column type=&#8220;1_4&#8243; [&hellip;]<\/p>\n","protected":false},"author":1,"featured_media":0,"parent":140,"menu_order":0,"comment_status":"closed","ping_status":"closed","template":"","meta":{"footnotes":""},"class_list":["post-1112","page","type-page","status-publish","hentry"],"_links":{"self":[{"href":"https:\/\/houpadla.cz\/en\/wp-json\/wp\/v2\/pages\/1112","targetHints":{"allow":["GET"]}}],"collection":[{"href":"https:\/\/houpadla.cz\/en\/wp-json\/wp\/v2\/pages"}],"about":[{"href":"https:\/\/houpadla.cz\/en\/wp-json\/wp\/v2\/types\/page"}],"author":[{"embeddable":true,"href":"https:\/\/houpadla.cz\/en\/wp-json\/wp\/v2\/users\/1"}],"replies":[{"embeddable":true,"href":"https:\/\/houpadla.cz\/en\/wp-json\/wp\/v2\/comments?post=1112"}],"version-history":[{"count":0,"href":"https:\/\/houpadla.cz\/en\/wp-json\/wp\/v2\/pages\/1112\/revisions"}],"up":[{"embeddable":true,"href":"https:\/\/houpadla.cz\/en\/wp-json\/wp\/v2\/pages\/140"}],"wp:attachment":[{"href":"https:\/\/houpadla.cz\/en\/wp-json\/wp\/v2\/media?parent=1112"}],"curies":[{"name":"wp","href":"https:\/\/api.w.org\/{rel}","templated":true}]}}