{"id":6,"date":"2018-05-10T14:24:32","date_gmt":"2018-05-10T12:24:32","guid":{"rendered":"http:\/\/houpadla.thimble.cz\/subdom\/houpadla\/?page_id=6"},"modified":"2026-03-11T17:05:54","modified_gmt":"2026-03-11T16:05:54","slug":"uvod","status":"publish","type":"page","link":"http:\/\/houpadla.cz\/en\/","title":{"rendered":"Home"},"content":{"rendered":"<p>[et_pb_section bb_built=&#8220;1&#8243; fullwidth=&#8220;on&#8220; _builder_version=&#8220;3.0.106&#8243;][et_pb_fullwidth_header title=&#8220;Z\u00e1bavn\u00ed atrakce a houpadla pro d\u011bti&#8220; text_orientation=&#8220;center&#8220; header_fullscreen=&#8220;on&#8220; button_one_text=&#8220;Vstupte do sv\u011bta z\u00e1bavy&#8220; button_one_url=&#8220;https:\/\/www.houpadla.cz\/vizualizace-a-realizace\/&#8220; background_overlay_color=&#8220;rgba(0,0,0,0.21)&#8220; _builder_version=&#8220;3.0.106&#8243; title_font=&#8220;|600||on|||||&#8220; title_text_align=&#8220;center&#8220; title_font_size=&#8220;38px&#8220; title_text_color=&#8220;#edf000&#8243; title_line_height=&#8220;1.2em&#8220; title_text_shadow_style=&#8220;preset5&#8243; title_text_shadow_color=&#8220;rgba(0,0,0,0.77)&#8220; background_image=&#8220;http:\/\/houpadla.cz\/wp-content\/uploads\/2018\/12\/MG_9905F.jpg&#8220; background_video_mp4=&#8220;https:\/\/www.houpadla.cz\/wp-content\/uploads\/2019\/03\/Houpadla_cz2.mp4&#8243; custom_padding=&#8220;7%|||&#8220; custom_button_one=&#8220;on&#8220; button_one_text_color=&#8220;#ffffff&#8220; button_one_bg_color=&#8220;#fa7f28&#8243; button_one_border_color=&#8220;#fa7f28&#8243; button_one_border_radius=&#8220;5px&#8220; button_one_font=&#8220;|600||on|||||&#8220; button_one_text_shadow_style=&#8220;preset3&#8243; header_scroll_down=&#8220;off&#8220; image_orientation=&#8220;center&#8220; background_layout=&#8220;light&#8220; content_orientation=&#8220;center&#8220; custom_button_two=&#8220;off&#8220; button_two_icon_placement=&#8220;right&#8220; button_one_icon_placement=&#8220;right&#8220; \/][\/et_pb_section]<\/p>\n","protected":false},"excerpt":{"rendered":"<p>[et_pb_section bb_built=&#8220;1&#8243; fullwidth=&#8220;on&#8220; _builder_version=&#8220;3.0.106&#8243;][et_pb_fullwidth_header title=&#8220;Z\u00e1bavn\u00ed atrakce a houpadla pro d\u011bti&#8220; text_orientation=&#8220;center&#8220; header_fullscreen=&#8220;on&#8220; button_one_text=&#8220;Vstupte do sv\u011bta z\u00e1bavy&#8220; button_one_url=&#8220;https:\/\/www.houpadla.cz\/vizualizace-a-realizace\/&#8220; background_overlay_color=&#8220;rgba(0,0,0,0.21)&#8220; _builder_version=&#8220;3.0.106&#8243; title_font=&#8220;|600||on|||||&#8220; title_text_align=&#8220;center&#8220; title_font_size=&#8220;38px&#8220; title_text_color=&#8220;#edf000&#8243; title_line_height=&#8220;1.2em&#8220; title_text_shadow_style=&#8220;preset5&#8243; title_text_shadow_color=&#8220;rgba(0,0,0,0.77)&#8220; background_image=&#8220;http:\/\/houpadla.cz\/wp-content\/uploads\/2018\/12\/MG_9905F.jpg&#8220; background_video_mp4=&#8220;https:\/\/www.houpadla.cz\/wp-content\/uploads\/2019\/03\/Houpadla_cz2.mp4&#8243; custom_padding=&#8220;7%|||&#8220; custom_button_one=&#8220;on&#8220; button_one_text_color=&#8220;#ffffff&#8220; button_one_bg_color=&#8220;#fa7f28&#8243; button_one_border_color=&#8220;#fa7f28&#8243; button_one_border_radius=&#8220;5px&#8220; button_one_font=&#8220;|600||on|||||&#8220; button_one_text_shadow_style=&#8220;preset3&#8243; header_scroll_down=&#8220;off&#8220; image_orientation=&#8220;center&#8220; background_layout=&#8220;light&#8220; content_orientation=&#8220;center&#8220; custom_button_two=&#8220;off&#8220; button_two_icon_placement=&#8220;right&#8220; button_one_icon_placement=&#8220;right&#8220; \/][\/et_pb_section]<\/p>\n","protected":false},"author":1,"featured_media":1764,"parent":0,"menu_order":0,"comment_status":"closed","ping_status":"closed","template":"","meta":{"footnotes":""},"class_list":["post-6","page","type-page","status-publish","has-post-thumbnail","hentry"],"_links":{"self":[{"href":"http:\/\/houpadla.cz\/en\/wp-json\/wp\/v2\/pages\/6","targetHints":{"allow":["GET"]}}],"collection":[{"href":"http:\/\/houpadla.cz\/en\/wp-json\/wp\/v2\/pages"}],"about":[{"href":"http:\/\/houpadla.cz\/en\/wp-json\/wp\/v2\/types\/page"}],"author":[{"embeddable":true,"href":"http:\/\/houpadla.cz\/en\/wp-json\/wp\/v2\/users\/1"}],"replies":[{"embeddable":true,"href":"http:\/\/houpadla.cz\/en\/wp-json\/wp\/v2\/comments?post=6"}],"version-history":[{"count":1,"href":"http:\/\/houpadla.cz\/en\/wp-json\/wp\/v2\/pages\/6\/revisions"}],"predecessor-version":[{"id":4641,"href":"http:\/\/houpadla.cz\/en\/wp-json\/wp\/v2\/pages\/6\/revisions\/4641"}],"wp:featuredmedia":[{"embeddable":true,"href":"http:\/\/houpadla.cz\/en\/wp-json\/wp\/v2\/media\/1764"}],"wp:attachment":[{"href":"http:\/\/houpadla.cz\/en\/wp-json\/wp\/v2\/media?parent=6"}],"curies":[{"name":"wp","href":"https:\/\/api.w.org\/{rel}","templated":true}]}}