{"id":393,"date":"2018-12-19T09:09:02","date_gmt":"2018-12-19T08:09:02","guid":{"rendered":"http:\/\/houpadla.thimble.cz\/subdom\/houpadla\/?page_id=393"},"modified":"2025-05-09T16:46:05","modified_gmt":"2025-05-09T14:46:05","slug":"vyprodej","status":"publish","type":"page","link":"http:\/\/houpadla.cz\/en\/vyprodej\/","title":{"rendered":"Sale"},"content":{"rendered":"<p>[et_pb_section fb_built=&#8220;1&#8243; admin_label=&#8220;Featured Places&#8220; _builder_version=&#8220;3.0.106&#8243; use_background_color_gradient=&#8220;on&#8220; background_color_gradient_start=&#8220;#ffffff&#8220; background_color_gradient_end=&#8220;#ffffff&#8220; custom_padding=&#8220;100px|0px|80px|0px&#8220;][et_pb_row custom_margin=&#8220;-50px||50px|&#8220; _builder_version=&#8220;3.0.106&#8243;][et_pb_column type=&#8220;4_4&#8243; _builder_version=&#8220;3.0.47&#8243; parallax=&#8220;off&#8220; parallax_method=&#8220;on&#8220;][et_pb_text _builder_version=&#8220;3.0.106&#8243; text_font=&#8220;Lato||||||||&#8220; text_font_size=&#8220;18px&#8220; text_text_color=&#8220;#898f99&#8243; text_line_height=&#8220;2em&#8220; header_font=&#8220;||||||||&#8220; header_2_font=&#8220;Lato|700|||||||&#8220; header_2_font_size=&#8220;42px&#8220; header_2_line_height=&#8220;1.5em&#8220; header_3_font=&#8220;||||||||&#8220; text_orientation=&#8220;center&#8220; max_width=&#8220;800px&#8220; module_alignment=&#8220;center&#8220;]<\/p>\n<h2>V\u00fdprodej<\/h2>\n<p><b><span class=\"imUl\">Nab\u00eddka star\u0161\u00edch pln\u011b funk\u010dn\u00edch d\u011btsk\u00fdch houpadel:<\/span><\/b> [\/et_pb_text][\/et_pb_column][\/et_pb_row][et_pb_row background_color_1=&#8220;#ffffff&#8220; background_color_2=&#8220;#ffffff&#8220; background_color_3=&#8220;#ffffff&#8220; padding_right_2=&#8220;3%&#8220; padding_left_2=&#8220;3%&#8220; padding_left_3=&#8220;2%&#8220; _builder_version=&#8220;3.0.106&#8243;][et_pb_column type=&#8220;1_3&#8243; _builder_version=&#8220;3.0.47&#8243; background_color=&#8220;#ffffff&#8220; parallax=&#8220;off&#8220; parallax_method=&#8220;on&#8220;][et_pb_image src=&#8220;http:\/\/houpadla.cz\/wp-content\/uploads\/2019\/03\/AutoMusic-v.jpg&#8220; force_fullwidth=&#8220;on&#8220; _builder_version=&#8220;3.0.106&#8243; custom_margin=&#8220;||-20px|&#8220;][\/et_pb_image][et_pb_button button_alignment=&#8220;center&#8220; background_layout=&#8220;dark&#8220; _builder_version=&#8220;3.0.106&#8243; custom_margin=&#8220;||0px|&#8220; custom_padding=&#8220;8px||8px|&#8220; custom_button=&#8220;on&#8220; button_text_size=&#8220;12px&#8220; button_bg_color=&#8220;#fa7f28&#8243; button_border_width=&#8220;0px&#8220; button_border_radius=&#8220;6px&#8220; button_letter_spacing=&#8220;1px&#8220; button_font=&#8220;Lato|700||on|||||&#8220; button_icon=&#8220;%%20%%&#8220; button_letter_spacing_hover=&#8220;1px&#8220; animation_style=&#8220;fold&#8220; box_shadow_style=&#8220;preset3&#8243; box_shadow_color=&#8220;rgba(250,127,40,0.4)&#8220;][\/et_pb_button][et_pb_text _builder_version=&#8220;3.0.106&#8243; text_font=&#8220;Lato||||||||&#8220; text_font_size=&#8220;15px&#8220; text_text_color=&#8220;#898f99&#8243; text_line_height=&#8220;1.8em&#8220; link_font=&#8220;||||||||&#8220; link_text_color=&#8220;#3c39e6&#8243; header_font=&#8220;||||||||&#8220; header_2_font=&#8220;||||||||&#8220; header_3_font=&#8220;||||||||&#8220; header_4_font=&#8220;Lato|700|||||||&#8220; header_4_font_size=&#8220;32px&#8220; header_5_font=&#8220;||||||||&#8220; text_orientation=&#8220;center&#8220; custom_margin=&#8220;20px|20px|40px|20px&#8220; custom_padding=&#8220;30px|||&#8220;]<\/p>\n<p><strong><\/strong><\/p>\n<p><strong>Auto Music<\/strong><\/p>\n<p>\u00a0<\/p>\n<h4>15 000 K\u010d<\/h4>\n<p>[\/et_pb_text][\/et_pb_column][et_pb_column type=&#8220;1_3&#8243; _builder_version=&#8220;3.0.47&#8243; padding_left=&#8220;3%&#8220; padding_right=&#8220;3%&#8220; background_color=&#8220;#ffffff&#8220; parallax=&#8220;off&#8220; parallax_method=&#8220;on&#8220;][et_pb_image src=&#8220;http:\/\/houpadla.cz\/wp-content\/uploads\/2019\/03\/Auto-male-v.jpg&#8220; force_fullwidth=&#8220;on&#8220; _builder_version=&#8220;3.0.106&#8243; custom_margin=&#8220;||-20px|&#8220;][\/et_pb_image][et_pb_button button_alignment=&#8220;center&#8220; background_layout=&#8220;dark&#8220; _builder_version=&#8220;3.0.106&#8243; custom_margin=&#8220;||0px|&#8220; custom_padding=&#8220;8px||8px|&#8220; custom_button=&#8220;on&#8220; button_text_size=&#8220;12px&#8220; button_bg_color=&#8220;#fa7f28&#8243; button_border_width=&#8220;0px&#8220; button_border_radius=&#8220;6px&#8220; button_letter_spacing=&#8220;1px&#8220; button_font=&#8220;Lato|700||on|||||&#8220; button_icon=&#8220;%%20%%&#8220; button_letter_spacing_hover=&#8220;1px&#8220; animation_style=&#8220;fold&#8220; box_shadow_style=&#8220;preset3&#8243; box_shadow_color=&#8220;rgba(250,127,40,0.4)&#8220;][\/et_pb_button][et_pb_text _builder_version=&#8220;3.0.106&#8243; text_font=&#8220;Lato||||||||&#8220; text_font_size=&#8220;15px&#8220; text_text_color=&#8220;#898f99&#8243; text_line_height=&#8220;1.8em&#8220; link_font=&#8220;||||||||&#8220; link_text_color=&#8220;#3c39e6&#8243; header_font=&#8220;||||||||&#8220; header_2_font=&#8220;||||||||&#8220; header_3_font=&#8220;||||||||&#8220; header_4_font=&#8220;Lato|700|||||||&#8220; header_4_font_size=&#8220;32px&#8220; header_5_font=&#8220;||||||||&#8220; text_orientation=&#8220;center&#8220; custom_margin=&#8220;20px|20px|40px|20px&#8220; locked=&#8220;off&#8220;]<\/p>\n<p><strong><br \/>Auto mal\u00e9 \u010derven\u00e9<\/strong><\/p>\n<p>\u00a0<\/p>\n<h4>30 000 K\u010d<\/h4>\n<p>[\/et_pb_text][\/et_pb_column][et_pb_column type=&#8220;1_3&#8243; _builder_version=&#8220;3.0.47&#8243; padding_left=&#8220;2%&#8220; background_color=&#8220;#ffffff&#8220; parallax=&#8220;off&#8220; parallax_method=&#8220;on&#8220;][et_pb_image src=&#8220;http:\/\/houpadla.cz\/wp-content\/uploads\/2019\/03\/Auto-Jeep.jpg&#8220; force_fullwidth=&#8220;on&#8220; _builder_version=&#8220;3.0.106&#8243; custom_margin=&#8220;||-20px|&#8220;][\/et_pb_image][et_pb_button button_alignment=&#8220;center&#8220; background_layout=&#8220;dark&#8220; _builder_version=&#8220;3.0.106&#8243; custom_margin=&#8220;||0px|&#8220; custom_padding=&#8220;8px||8px|&#8220; custom_button=&#8220;on&#8220; button_text_size=&#8220;12px&#8220; button_bg_color=&#8220;#fa7f28&#8243; button_border_width=&#8220;0px&#8220; button_border_radius=&#8220;6px&#8220; button_letter_spacing=&#8220;1px&#8220; button_font=&#8220;Lato|700||on|||||&#8220; button_icon=&#8220;%%20%%&#8220; button_letter_spacing_hover=&#8220;1px&#8220; animation_style=&#8220;fold&#8220; box_shadow_style=&#8220;preset3&#8243; box_shadow_color=&#8220;rgba(250,127,40,0.4)&#8220;][\/et_pb_button][et_pb_text _builder_version=&#8220;3.0.106&#8243; text_font=&#8220;Lato||||||||&#8220; text_font_size=&#8220;15px&#8220; text_text_color=&#8220;#898f99&#8243; text_line_height=&#8220;1.8em&#8220; link_font=&#8220;||||||||&#8220; link_text_color=&#8220;#3c39e6&#8243; header_font=&#8220;||||||||&#8220; header_2_font=&#8220;||||||||&#8220; header_3_font=&#8220;||||||||&#8220; header_4_font=&#8220;Lato|700|||||||&#8220; header_4_font_size=&#8220;32px&#8220; header_5_font=&#8220;||||||||&#8220; text_orientation=&#8220;center&#8220; custom_margin=&#8220;20px|20px|40px|20px&#8220;]<\/p>\n<p><strong><br \/>Jeep barevn\u00fd<\/strong><\/p>\n<p>\u00a0<\/p>\n<h4>20 000 K\u010d<\/h4>\n<p>[\/et_pb_text][\/et_pb_column][\/et_pb_row][\/et_pb_section][et_pb_section fb_built=&#8220;1&#8243; admin_label=&#8220;Hero section&#8220; _builder_version=&#8220;3.0.106&#8243; use_background_color_gradient=&#8220;on&#8220; background_color_gradient_start=&#8220;rgba(150,105,97,0.67)&#8220; background_color_gradient_end=&#8220;rgba(2,0,76,0.84)&#8220; background_color_gradient_overlays_image=&#8220;on&#8220; background_image=&#8220;http:\/\/houpadla.thimble.cz\/subdom\/houpadla\/wp-content\/uploads\/2018\/12\/MG_9904F.jpg&#8220; custom_margin=&#8220;|||&#8220; custom_padding=&#8220;0||84px|&#8220; global_module=&#8220;398&#8243; saved_tabs=&#8220;all&#8220;][et_pb_row custom_padding=&#8220;106px|0px|27px|0px&#8220; custom_margin=&#8220;|||&#8220; _builder_version=&#8220;3.0.106&#8243;][et_pb_column type=&#8220;4_4&#8243; _builder_version=&#8220;3.0.47&#8243; parallax=&#8220;off&#8220; parallax_method=&#8220;on&#8220;][et_pb_cta button_url=&#8220;https:\/\/www.houpadla.cz\/kontakt&#8220; button_text=&#8220;Kontaktujte n\u00e1s&#8220; use_background_color=&#8220;off&#8220; _builder_version=&#8220;3.0.106&#8243; header_font=&#8220;Lato|900||on|||||&#8220; header_font_size=&#8220;48px&#8220; header_font_size_tablet=&#8220;40px&#8220; header_font_size_last_edited=&#8220;on|tablet&#8220; header_letter_spacing=&#8220;2px&#8220; header_line_height=&#8220;1.2em&#8220; header_text_shadow_style=&#8220;preset1&#8243; header_text_shadow_blur_strength=&#8220;0.6em&#8220; header_text_shadow_color=&#8220;rgba(0,0,0,0.24)&#8220; body_font=&#8220;Lato||||||||&#8220; body_font_size=&#8220;20px&#8220; body_line_height=&#8220;1.8em&#8220; max_width=&#8220;750px&#8220; module_alignment=&#8220;center&#8220; custom_button=&#8220;on&#8220; button_text_size=&#8220;16px&#8220; button_text_color=&#8220;#ffffff&#8220; button_bg_color=&#8220;#fa7f28&#8243; button_border_width=&#8220;6px&#8220; button_border_color=&#8220;#fa7f28&#8243; button_border_radius=&#8220;5px&#8220; button_letter_spacing=&#8220;2px&#8220; button_font=&#8220;Lato|900||on|||||&#8220; button_letter_spacing_hover=&#8220;2px&#8220; box_shadow_style_button=&#8220;preset3&#8243; box_shadow_blur_button=&#8220;30px&#8220; box_shadow_spread_button=&#8220;8px&#8220; box_shadow_color_button=&#8220;rgba(250,127,40,0.15)&#8220;][\/et_pb_cta][\/et_pb_column][\/et_pb_row][\/et_pb_section]<\/p>\n","protected":false},"excerpt":{"rendered":"<p>[et_pb_section fb_built=&#8220;1&#8243; admin_label=&#8220;Featured Places&#8220; _builder_version=&#8220;3.0.106&#8243; use_background_color_gradient=&#8220;on&#8220; background_color_gradient_start=&#8220;#ffffff&#8220; background_color_gradient_end=&#8220;#ffffff&#8220; custom_padding=&#8220;100px|0px|80px|0px&#8220;][et_pb_row custom_margin=&#8220;-50px||50px|&#8220; _builder_version=&#8220;3.0.106&#8243;][et_pb_column type=&#8220;4_4&#8243; _builder_version=&#8220;3.0.47&#8243; parallax=&#8220;off&#8220; parallax_method=&#8220;on&#8220;][et_pb_text _builder_version=&#8220;3.0.106&#8243; text_font=&#8220;Lato||||||||&#8220; text_font_size=&#8220;18px&#8220; text_text_color=&#8220;#898f99&#8243; text_line_height=&#8220;2em&#8220; header_font=&#8220;||||||||&#8220; header_2_font=&#8220;Lato|700|||||||&#8220; header_2_font_size=&#8220;42px&#8220; header_2_line_height=&#8220;1.5em&#8220; header_3_font=&#8220;||||||||&#8220; text_orientation=&#8220;center&#8220; max_width=&#8220;800px&#8220; module_alignment=&#8220;center&#8220;] V\u00fdprodej Nab\u00eddka star\u0161\u00edch pln\u011b funk\u010dn\u00edch d\u011btsk\u00fdch houpadel: [\/et_pb_text][\/et_pb_column][\/et_pb_row][et_pb_row background_color_1=&#8220;#ffffff&#8220; background_color_2=&#8220;#ffffff&#8220; background_color_3=&#8220;#ffffff&#8220; padding_right_2=&#8220;3%&#8220; padding_left_2=&#8220;3%&#8220; padding_left_3=&#8220;2%&#8220; _builder_version=&#8220;3.0.106&#8243;][et_pb_column type=&#8220;1_3&#8243; _builder_version=&#8220;3.0.47&#8243; background_color=&#8220;#ffffff&#8220; parallax=&#8220;off&#8220; parallax_method=&#8220;on&#8220;][et_pb_image src=&#8220;http:\/\/houpadla.cz\/wp-content\/uploads\/2019\/03\/AutoMusic-v.jpg&#8220; force_fullwidth=&#8220;on&#8220; _builder_version=&#8220;3.0.106&#8243; custom_margin=&#8220;||-20px|&#8220;][\/et_pb_image][et_pb_button button_alignment=&#8220;center&#8220; background_layout=&#8220;dark&#8220; _builder_version=&#8220;3.0.106&#8243; [&hellip;]<\/p>\n","protected":false},"author":3,"featured_media":0,"parent":0,"menu_order":0,"comment_status":"closed","ping_status":"closed","template":"","meta":{"footnotes":""},"class_list":["post-393","page","type-page","status-publish","hentry"],"_links":{"self":[{"href":"http:\/\/houpadla.cz\/en\/wp-json\/wp\/v2\/pages\/393","targetHints":{"allow":["GET"]}}],"collection":[{"href":"http:\/\/houpadla.cz\/en\/wp-json\/wp\/v2\/pages"}],"about":[{"href":"http:\/\/houpadla.cz\/en\/wp-json\/wp\/v2\/types\/page"}],"author":[{"embeddable":true,"href":"http:\/\/houpadla.cz\/en\/wp-json\/wp\/v2\/users\/3"}],"replies":[{"embeddable":true,"href":"http:\/\/houpadla.cz\/en\/wp-json\/wp\/v2\/comments?post=393"}],"version-history":[{"count":0,"href":"http:\/\/houpadla.cz\/en\/wp-json\/wp\/v2\/pages\/393\/revisions"}],"wp:attachment":[{"href":"http:\/\/houpadla.cz\/en\/wp-json\/wp\/v2\/media?parent=393"}],"curies":[{"name":"wp","href":"https:\/\/api.w.org\/{rel}","templated":true}]}}